{"id":6713,"date":"2026-03-18T18:48:19","date_gmt":"2026-03-18T18:48:19","guid":{"rendered":"https:\/\/asociacionmarketing.com\/?page_id=6713"},"modified":"2026-05-05T09:34:34","modified_gmt":"2026-05-05T09:34:34","slug":"bases-de-participacion","status":"publish","type":"page","link":"https:\/\/asociacionmarketing.com\/eu\/premios-marketing\/bases-de-participacion\/","title":{"rendered":"Bases de participaci\u00f3n"},"content":{"rendered":"\t\t<div data-elementor-type=\"wp-page\" data-elementor-id=\"6713\" class=\"elementor elementor-6713\" data-elementor-post-type=\"page\">\n\t\t\t\t<div class=\"elementor-element elementor-element-fabe108 e-con-full e-flex e-con e-parent\" data-id=\"fabe108\" data-element_type=\"container\" data-e-type=\"container\" data-settings=\"{&quot;background_background&quot;:&quot;classic&quot;}\">\n\t\t<div class=\"elementor-element elementor-element-d537624 e-con-full e-flex e-con e-child\" data-id=\"d537624\" data-element_type=\"container\" data-e-type=\"container\">\n\t\t\t\t<div class=\"elementor-element elementor-element-55b7291 elementor-widget elementor-widget-heading\" data-id=\"55b7291\" data-element_type=\"widget\" data-e-type=\"widget\" data-widget_type=\"heading.default\">\n\t\t\t\t<div class=\"elementor-widget-container\">\n\t\t\t\t\t<h1 class=\"elementor-heading-title elementor-size-default\">Bases de participaci\u00f3n<\/h1>\t\t\t\t<\/div>\n\t\t\t\t<\/div>\n\t\t\t\t<div class=\"elementor-element elementor-element-bb95309 elementor-hidden-tablet elementor-hidden-mobile elementor-widget elementor-widget-spacer\" data-id=\"bb95309\" data-element_type=\"widget\" data-e-type=\"widget\" data-widget_type=\"spacer.default\">\n\t\t\t\t<div class=\"elementor-widget-container\">\n\t\t\t\t\t\t\t<div class=\"elementor-spacer\">\n\t\t\t<div class=\"elementor-spacer-inner\"><\/div>\n\t\t<\/div>\n\t\t\t\t\t\t<\/div>\n\t\t\t\t<\/div>\n\t\t\t\t<div class=\"elementor-element elementor-element-9f5424a elementor-widget elementor-widget-text-editor\" data-id=\"9f5424a\" data-element_type=\"widget\" data-e-type=\"widget\" data-widget_type=\"text-editor.default\">\n\t\t\t\t<div class=\"elementor-widget-container\">\n\t\t\t\t\t\t\t\t\t<p>Las bases del concurso para la VII Edici\u00f3n de los Premios Marketing (PesMes), que se celebrar\u00e1 el pr\u00f3ximo viernes <strong>24 de octubre de 2025<\/strong>, son, como en anteriores ediciones, unas bases sencillas que pretenden animaros a presentar vuestras candidaturas sin necesidad de invertir un tiempo o dinero excesivo.<\/p>\t\t\t\t\t\t\t\t<\/div>\n\t\t\t\t<\/div>\n\t\t\t\t<div class=\"elementor-element elementor-element-b4e3d36 elementor-widget elementor-widget-heading\" data-id=\"b4e3d36\" data-element_type=\"widget\" data-e-type=\"widget\" data-widget_type=\"heading.default\">\n\t\t\t\t<div class=\"elementor-widget-container\">\n\t\t\t\t\t<h2 class=\"elementor-heading-title elementor-size-default\">Requisitos de participaci\u00f3n<\/h2>\t\t\t\t<\/div>\n\t\t\t\t<\/div>\n\t\t\t\t<div class=\"elementor-element elementor-element-bad1315 elementor-widget elementor-widget-text-editor\" data-id=\"bad1315\" data-element_type=\"widget\" data-e-type=\"widget\" data-widget_type=\"text-editor.default\">\n\t\t\t\t<div class=\"elementor-widget-container\">\n\t\t\t\t\t\t\t\t\t<ol>\n  <li>\n    Estos premios est\u00e1n abiertos a todo tipo de entidades: grandes empresas, pymes, microempresas, proyectos de emprendimiento, organizaciones industriales y de servicios, as\u00ed como asociaciones, fundaciones y cl\u00fasteres. Podr\u00e1 participar cualquier profesional, organizaci\u00f3n, empresa o negocio que est\u00e9 radicado o cuente con sede o delegaci\u00f3n en el Pa\u00eds Vasco, sin importar su tama\u00f1o, sector o naturaleza jur\u00eddica.\n  <\/li>\n  <li>\n    No podr\u00e1n presentarse a los premios personas integrantes del Jurado de los Premios PesMes, ni empresas vinculadas contractualmente con dichos integrantes del Jurado.\n  <\/li>\n  <li>\n    Las candidaturas deber\u00e1n cumplir con las <strong>normas de entrega de material y documentaci\u00f3n<\/strong> a presentar detallados en el punto 5 \u201cDocumentaci\u00f3n para participar\u201d.\n  <\/li>\n  <li>\n    La candidatura deber\u00e1 se presentada por quien haya participado en la campa\u00f1a o acci\u00f3n presentada, bien por <strong>ser autor\/a, creador\/a o gestor\/a de la misma, bien por ser propietario\/a<\/strong> de las marcas o firmas implicadas.\n  <\/li>\n  <li>\n    <strong>Entregar en plazo<\/strong> la propuesta.\n  <\/li>\n<\/ol>\t\t\t\t\t\t\t\t<\/div>\n\t\t\t\t<\/div>\n\t\t\t\t<div class=\"elementor-element elementor-element-9a3264c elementor-widget elementor-widget-heading\" data-id=\"9a3264c\" data-element_type=\"widget\" data-e-type=\"widget\" data-widget_type=\"heading.default\">\n\t\t\t\t<div class=\"elementor-widget-container\">\n\t\t\t\t\t<h2 class=\"elementor-heading-title elementor-size-default\">Tipos de trabajos<\/h2>\t\t\t\t<\/div>\n\t\t\t\t<\/div>\n\t\t\t\t<div class=\"elementor-element elementor-element-dc44f7f elementor-widget elementor-widget-text-editor\" data-id=\"dc44f7f\" data-element_type=\"widget\" data-e-type=\"widget\" data-widget_type=\"text-editor.default\">\n\t\t\t\t<div class=\"elementor-widget-container\">\n\t\t\t\t\t\t\t\t\t<p>\nPodr\u00e1n presentarse trabajos realizados en los <strong>\u00faltimos tres a\u00f1os<\/strong>. Se trata de presentar algo ya ejecutado, no se trata de hacer algo nuevo. Podr\u00e1n presentarse un <strong>m\u00e1ximo de dos trabajos\/proyectos diferentes por organizaci\u00f3n\/entidad<\/strong>.\n<\/p>\n\n<p>\nLas posibilidades de actuaci\u00f3n en el \u00e1mbito del marketing y las ventas son muy amplias. Las opciones que se detallan a continuaci\u00f3n constituyen solo una muestra de las \u00e1reas de los trabajos en los que se pueden presentar candidaturas.\n<\/p>\n\n<ol>\n  <li>\n    <strong>Marketing digital y uso de la tecnolog\u00eda<\/strong><br>\n    Aprovechamiento de herramientas digitales, inteligencia artificial y an\u00e1lisis de datos para optimizar resultados.\n  <\/li>\n  <li>\n    <strong>Marca e identidad corporativa, comunicaci\u00f3n y packaging<\/strong><br>\n    Desarrollo de identidad de marca, comunicaci\u00f3n y dise\u00f1o de packaging.\n  <\/li>\n  <li>\n    <strong>Desarrollo de producto<\/strong><br>\n    Investigaci\u00f3n y creaci\u00f3n de propuestas de valor adaptadas al mercado.\n  <\/li>\n  <li>\n    <strong>Estrategias de distribuci\u00f3n y venta<\/strong><br>\n    Definici\u00f3n de canales y desarrollo de planes comerciales.\n  <\/li>\n  <li>\n    <strong>Internacionalizaci\u00f3n<\/strong><br>\n    Expansi\u00f3n a nuevos mercados y adaptaci\u00f3n del marketing.\n  <\/li>\n  <li>\n    <strong>Sostenibilidad y marketing responsable<\/strong><br>\n    Incorporaci\u00f3n de criterios sociales, medioambientales y de gobernanza.\n  <\/li>\n  <li>\n    <strong>Estrategia de marketing y acci\u00f3n global<\/strong><br>\n    Dise\u00f1o de planes estrat\u00e9gicos alineados con objetivos de negocio.\n  <\/li>\n<\/ol>\t\t\t\t\t\t\t\t<\/div>\n\t\t\t\t<\/div>\n\t\t\t\t<div class=\"elementor-element elementor-element-e3d643a elementor-widget elementor-widget-heading\" data-id=\"e3d643a\" data-element_type=\"widget\" data-e-type=\"widget\" data-widget_type=\"heading.default\">\n\t\t\t\t<div class=\"elementor-widget-container\">\n\t\t\t\t\t<h2 class=\"elementor-heading-title elementor-size-default\">Premios<\/h2>\t\t\t\t<\/div>\n\t\t\t\t<\/div>\n\t\t\t\t<div class=\"elementor-element elementor-element-0a51860 elementor-widget elementor-widget-text-editor\" data-id=\"0a51860\" data-element_type=\"widget\" data-e-type=\"widget\" data-widget_type=\"text-editor.default\">\n\t\t\t\t<div class=\"elementor-widget-container\">\n\t\t\t\t\t\t\t\t\t<p>Entre las candidaturas presentadas, se entregar\u00e1n premios en las siguientes categor\u00edas:<\/p>\n\n<ul>\n  <li>\n    <strong>Premios Marketing PesMes a Acciones Espec\u00edficas de Marketing<\/strong>:\n    se otorgar\u00e1n premios relacionados con los puntos 1 a 6 del apartado 2.\n  <\/li>\n  <li>\n    <strong>Premio Marketing PesMes a la Acci\u00f3n Completa de Marketing<\/strong>:\n    se premiar\u00e1 la mejor candidatura global (punto 7).\n  <\/li>\n  <li>\n    <strong>Premio Marketing PesMes Especial Microempresa<\/strong>:\n    se premiar\u00e1 la mejor candidatura de microempresa.\n  <\/li>\n  <li>\n    <strong>Acc\u00e9sit o Menciones<\/strong>:\n    el jurado podr\u00e1 concederlos seg\u00fan la variedad de trabajos recibidos.\n  <\/li>\n<\/ul>\t\t\t\t\t\t\t\t<\/div>\n\t\t\t\t<\/div>\n\t\t\t\t<div class=\"elementor-element elementor-element-24e231f elementor-widget elementor-widget-heading\" data-id=\"24e231f\" data-element_type=\"widget\" data-e-type=\"widget\" data-widget_type=\"heading.default\">\n\t\t\t\t<div class=\"elementor-widget-container\">\n\t\t\t\t\t<h2 class=\"elementor-heading-title elementor-size-default\">Jurado<\/h2>\t\t\t\t<\/div>\n\t\t\t\t<\/div>\n\t\t\t\t<div class=\"elementor-element elementor-element-c092a59 elementor-widget elementor-widget-text-editor\" data-id=\"c092a59\" data-element_type=\"widget\" data-e-type=\"widget\" data-widget_type=\"text-editor.default\">\n\t\t\t\t<div class=\"elementor-widget-container\">\n\t\t\t\t\t\t\t\t\t<p>El jurado de los Premios PesMes est\u00e1 compuesto por:<\/p>\n\n<ul>\n  <li>Componentes de la Junta Directiva de la Asociaci\u00f3n Marketing Alumni (AMA).<\/li>\n  <li>Profesorado de los Masters en Marketing y Ventas, MBA Executive y MBAe3 de la UPV\/EHU.<\/li>\n  <li>Profesionales designados por la Asociaci\u00f3n por su experiencia.<\/li>\n<\/ul>\n\t\t\t\t\t\t\t\t<\/div>\n\t\t\t\t<\/div>\n\t\t\t\t<div class=\"elementor-element elementor-element-c3ca2ab elementor-widget elementor-widget-heading\" data-id=\"c3ca2ab\" data-element_type=\"widget\" data-e-type=\"widget\" data-widget_type=\"heading.default\">\n\t\t\t\t<div class=\"elementor-widget-container\">\n\t\t\t\t\t<h2 class=\"elementor-heading-title elementor-size-default\">Documentaci\u00f3n para participar<\/h2>\t\t\t\t<\/div>\n\t\t\t\t<\/div>\n\t\t\t\t<div class=\"elementor-element elementor-element-481f386 elementor-widget elementor-widget-text-editor\" data-id=\"481f386\" data-element_type=\"widget\" data-e-type=\"widget\" data-widget_type=\"text-editor.default\">\n\t\t\t\t<div class=\"elementor-widget-container\">\n\t\t\t\t\t\t\t\t\t<p>La documentaci\u00f3n a presentar es la siguiente:<\/p>\n\n<ul>\n  <li>\n    <strong>Ficha de Inscripci\u00f3n<\/strong> de Candidatura. \n    <a href=\"https:\/\/www.asociacionmarketing.com\/wp-content\/uploads\/Ficha-Solicitud-candidatura-Pesmes-VII-EDICION.pdf\" target=\"_blank\">Descargar aqu\u00ed<\/a>\n  <\/li>\n  <li>\n    <strong>Dossier de la Candidatura<\/strong> de dos o tres p\u00e1ginas con informaci\u00f3n del proyecto.\n  <\/li>\n  <li>\n    <strong>Documentaci\u00f3n complementaria<\/strong>: im\u00e1genes, v\u00eddeos, enlaces o audios.\n  <\/li>\n<\/ul>\t\t\t\t\t\t\t\t<\/div>\n\t\t\t\t<\/div>\n\t\t\t\t<div class=\"elementor-element elementor-element-380c028 elementor-widget elementor-widget-heading\" data-id=\"380c028\" data-element_type=\"widget\" data-e-type=\"widget\" data-widget_type=\"heading.default\">\n\t\t\t\t<div class=\"elementor-widget-container\">\n\t\t\t\t\t<h2 class=\"elementor-heading-title elementor-size-default\">Plazos y env\u00edo de documentaci\u00f3n<\/h2>\t\t\t\t<\/div>\n\t\t\t\t<\/div>\n\t\t\t\t<div class=\"elementor-element elementor-element-7a399f0 elementor-widget elementor-widget-text-editor\" data-id=\"7a399f0\" data-element_type=\"widget\" data-e-type=\"widget\" data-widget_type=\"text-editor.default\">\n\t\t\t\t<div class=\"elementor-widget-container\">\n\t\t\t\t\t\t\t\t\t<p>\nEl plazo para presentaci\u00f3n es <strong>desde el 1 de julio de 2025 al 10 de octubre de 2025<\/strong>.\n<\/p>\n\n<p>\nLa documentaci\u00f3n deber\u00e1 enviarse por mail a:\n<a href=\"mailto:pesmes@asociacionmarketing.com\"><strong>pesmes@asociacionmarketing.com<\/strong><\/a>\n<\/p>\n\n<p>\nPara m\u00e1s informaci\u00f3n tambi\u00e9n se puede contactar en esa direcci\u00f3n.\n<\/p>\t\t\t\t\t\t\t\t<\/div>\n\t\t\t\t<\/div>\n\t\t\t\t<div class=\"elementor-element elementor-element-fc3e0bc elementor-widget elementor-widget-heading\" data-id=\"fc3e0bc\" data-element_type=\"widget\" data-e-type=\"widget\" data-widget_type=\"heading.default\">\n\t\t\t\t<div class=\"elementor-widget-container\">\n\t\t\t\t\t<h2 class=\"elementor-heading-title elementor-size-default\">Patrocinios<\/h2>\t\t\t\t<\/div>\n\t\t\t\t<\/div>\n\t\t\t\t<div class=\"elementor-element elementor-element-0380404 elementor-widget elementor-widget-text-editor\" data-id=\"0380404\" data-element_type=\"widget\" data-e-type=\"widget\" data-widget_type=\"text-editor.default\">\n\t\t\t\t<div class=\"elementor-widget-container\">\n\t\t\t\t\t\t\t\t\t<p>\nSi su empresa desea patrocinar el evento puede consultar las modalidades en este \n<a href=\"https:\/\/www.asociacionmarketing.com\/wp-content\/uploads\/CATEGORI\u0301AS-DE-PATROCINIO-VII-EDICION.pdf\" target=\"_blank\"><strong>enlace<\/strong><\/a>.\n<\/p>\n\n<p>\nSolicitudes a:\n<strong><a href=\"mailto:info@asociacionmarketing.com\">info@asociacionmarketing.com<\/a><\/strong>\n<\/p>\t\t\t\t\t\t\t\t<\/div>\n\t\t\t\t<\/div>\n\t\t\t\t<\/div>\n\t\t<div class=\"elementor-element elementor-element-ea717f1 e-con-full e-flex e-con e-child\" data-id=\"ea717f1\" data-element_type=\"container\" data-e-type=\"container\" data-settings=\"{&quot;background_background&quot;:&quot;classic&quot;,&quot;sticky&quot;:&quot;top&quot;,&quot;sticky_on&quot;:[&quot;desktop&quot;],&quot;sticky_offset&quot;:120,&quot;sticky_parent&quot;:&quot;yes&quot;,&quot;sticky_effects_offset&quot;:0,&quot;sticky_anchor_link_offset&quot;:0}\">\n\t\t\t\t<\/div>\n\t\t\t\t<\/div>\n\t\t\t\t<\/div>\n\t\t","protected":false},"excerpt":{"rendered":"<p>Las bases del concurso para la VII Edici\u00f3n de los Premios Marketing (PesMes), que se celebrar\u00e1 el pr\u00f3ximo viernes 24 de octubre de 2025, son, como en anteriores ediciones, unas bases sencillas que pretenden animaros a presentar vuestras candidaturas sin necesidad de invertir un tiempo o dinero excesivo. Requisitos de participaci\u00f3n Estos premios est\u00e1n abiertos [&hellip;]<\/p>\n","protected":false},"author":1,"featured_media":0,"parent":90,"menu_order":0,"comment_status":"closed","ping_status":"closed","template":"elementor_header_footer","meta":{"footnotes":""},"class_list":["post-6713","page","type-page","status-publish","hentry"],"yoast_head":"<!-- This site is optimized with the Yoast SEO plugin v27.5 - https:\/\/yoast.com\/product\/yoast-seo-wordpress\/ -->\n<title>Bases de participaci\u00f3n - Alumni<\/title>\n<meta name=\"robots\" content=\"noindex, follow, max-snippet:-1, max-image-preview:large, max-video-preview:-1\" \/>\n<meta property=\"og:locale\" content=\"en_US\" \/>\n<meta property=\"og:type\" content=\"article\" \/>\n<meta property=\"og:title\" content=\"Bases de participaci\u00f3n - Alumni\" \/>\n<meta property=\"og:description\" content=\"Las bases del concurso para la VII Edici\u00f3n de los Premios Marketing (PesMes), que se celebrar\u00e1 el pr\u00f3ximo viernes 24 de octubre de 2025, son, como en anteriores ediciones, unas bases sencillas que pretenden animaros a presentar vuestras candidaturas sin necesidad de invertir un tiempo o dinero excesivo. Requisitos de participaci\u00f3n Estos premios est\u00e1n abiertos [&hellip;]\" \/>\n<meta property=\"og:url\" content=\"https:\/\/asociacionmarketing.com\/eu\/premios-marketing\/bases-de-participacion\/\" \/>\n<meta property=\"og:site_name\" content=\"Alumni\" \/>\n<meta property=\"article:modified_time\" content=\"2026-05-05T09:34:34+00:00\" \/>\n<meta name=\"twitter:card\" content=\"summary_large_image\" \/>\n<meta name=\"twitter:label1\" content=\"Est. reading time\" \/>\n\t<meta name=\"twitter:data1\" content=\"3 minutua\" \/>\n<script type=\"application\/ld+json\" class=\"yoast-schema-graph\">{\"@context\":\"https:\\\/\\\/schema.org\",\"@graph\":[{\"@type\":\"WebPage\",\"@id\":\"https:\\\/\\\/asociacionmarketing.com\\\/premios-marketing\\\/bases-de-participacion\\\/\",\"url\":\"https:\\\/\\\/asociacionmarketing.com\\\/premios-marketing\\\/bases-de-participacion\\\/\",\"name\":\"Bases de participaci\u00f3n - Alumni\",\"isPartOf\":{\"@id\":\"https:\\\/\\\/asociacionmarketing.com\\\/#website\"},\"datePublished\":\"2026-03-18T18:48:19+00:00\",\"dateModified\":\"2026-05-05T09:34:34+00:00\",\"breadcrumb\":{\"@id\":\"https:\\\/\\\/asociacionmarketing.com\\\/premios-marketing\\\/bases-de-participacion\\\/#breadcrumb\"},\"inLanguage\":\"eu\",\"potentialAction\":[{\"@type\":\"ReadAction\",\"target\":[\"https:\\\/\\\/asociacionmarketing.com\\\/premios-marketing\\\/bases-de-participacion\\\/\"]}]},{\"@type\":\"BreadcrumbList\",\"@id\":\"https:\\\/\\\/asociacionmarketing.com\\\/premios-marketing\\\/bases-de-participacion\\\/#breadcrumb\",\"itemListElement\":[{\"@type\":\"ListItem\",\"position\":1,\"name\":\"Portada\",\"item\":\"https:\\\/\\\/asociacionmarketing.com\\\/\"},{\"@type\":\"ListItem\",\"position\":2,\"name\":\"Premios Marketing (PesMes)\",\"item\":\"https:\\\/\\\/asociacionmarketing.com\\\/premios-marketing\\\/\"},{\"@type\":\"ListItem\",\"position\":3,\"name\":\"Bases de participaci\u00f3n\"}]},{\"@type\":\"WebSite\",\"@id\":\"https:\\\/\\\/asociacionmarketing.com\\\/#website\",\"url\":\"https:\\\/\\\/asociacionmarketing.com\\\/\",\"name\":\"Alumni\",\"description\":\"\",\"potentialAction\":[{\"@type\":\"SearchAction\",\"target\":{\"@type\":\"EntryPoint\",\"urlTemplate\":\"https:\\\/\\\/asociacionmarketing.com\\\/?s={search_term_string}\"},\"query-input\":{\"@type\":\"PropertyValueSpecification\",\"valueRequired\":true,\"valueName\":\"search_term_string\"}}],\"inLanguage\":\"eu\"}]}<\/script>\n<!-- \/ Yoast SEO plugin. -->","yoast_head_json":{"title":"Bases de participaci\u00f3n - Alumni","robots":{"index":"noindex","follow":"follow","max-snippet":"max-snippet:-1","max-image-preview":"max-image-preview:large","max-video-preview":"max-video-preview:-1"},"og_locale":"en_US","og_type":"article","og_title":"Bases de participaci\u00f3n - Alumni","og_description":"Las bases del concurso para la VII Edici\u00f3n de los Premios Marketing (PesMes), que se celebrar\u00e1 el pr\u00f3ximo viernes 24 de octubre de 2025, son, como en anteriores ediciones, unas bases sencillas que pretenden animaros a presentar vuestras candidaturas sin necesidad de invertir un tiempo o dinero excesivo. Requisitos de participaci\u00f3n Estos premios est\u00e1n abiertos [&hellip;]","og_url":"https:\/\/asociacionmarketing.com\/eu\/premios-marketing\/bases-de-participacion\/","og_site_name":"Alumni","article_modified_time":"2026-05-05T09:34:34+00:00","twitter_card":"summary_large_image","twitter_misc":{"Est. reading time":"3 minutua"},"schema":{"@context":"https:\/\/schema.org","@graph":[{"@type":"WebPage","@id":"https:\/\/asociacionmarketing.com\/premios-marketing\/bases-de-participacion\/","url":"https:\/\/asociacionmarketing.com\/premios-marketing\/bases-de-participacion\/","name":"Bases de participaci\u00f3n - Alumni","isPartOf":{"@id":"https:\/\/asociacionmarketing.com\/#website"},"datePublished":"2026-03-18T18:48:19+00:00","dateModified":"2026-05-05T09:34:34+00:00","breadcrumb":{"@id":"https:\/\/asociacionmarketing.com\/premios-marketing\/bases-de-participacion\/#breadcrumb"},"inLanguage":"eu","potentialAction":[{"@type":"ReadAction","target":["https:\/\/asociacionmarketing.com\/premios-marketing\/bases-de-participacion\/"]}]},{"@type":"BreadcrumbList","@id":"https:\/\/asociacionmarketing.com\/premios-marketing\/bases-de-participacion\/#breadcrumb","itemListElement":[{"@type":"ListItem","position":1,"name":"Portada","item":"https:\/\/asociacionmarketing.com\/"},{"@type":"ListItem","position":2,"name":"Premios Marketing (PesMes)","item":"https:\/\/asociacionmarketing.com\/premios-marketing\/"},{"@type":"ListItem","position":3,"name":"Bases de participaci\u00f3n"}]},{"@type":"WebSite","@id":"https:\/\/asociacionmarketing.com\/#website","url":"https:\/\/asociacionmarketing.com\/","name":"Alumni","description":"","potentialAction":[{"@type":"SearchAction","target":{"@type":"EntryPoint","urlTemplate":"https:\/\/asociacionmarketing.com\/?s={search_term_string}"},"query-input":{"@type":"PropertyValueSpecification","valueRequired":true,"valueName":"search_term_string"}}],"inLanguage":"eu"}]}},"_links":{"self":[{"href":"https:\/\/asociacionmarketing.com\/eu\/wp-json\/wp\/v2\/pages\/6713","targetHints":{"allow":["GET"]}}],"collection":[{"href":"https:\/\/asociacionmarketing.com\/eu\/wp-json\/wp\/v2\/pages"}],"about":[{"href":"https:\/\/asociacionmarketing.com\/eu\/wp-json\/wp\/v2\/types\/page"}],"author":[{"embeddable":true,"href":"https:\/\/asociacionmarketing.com\/eu\/wp-json\/wp\/v2\/users\/1"}],"replies":[{"embeddable":true,"href":"https:\/\/asociacionmarketing.com\/eu\/wp-json\/wp\/v2\/comments?post=6713"}],"version-history":[{"count":19,"href":"https:\/\/asociacionmarketing.com\/eu\/wp-json\/wp\/v2\/pages\/6713\/revisions"}],"predecessor-version":[{"id":7628,"href":"https:\/\/asociacionmarketing.com\/eu\/wp-json\/wp\/v2\/pages\/6713\/revisions\/7628"}],"up":[{"embeddable":true,"href":"https:\/\/asociacionmarketing.com\/eu\/wp-json\/wp\/v2\/pages\/90"}],"wp:attachment":[{"href":"https:\/\/asociacionmarketing.com\/eu\/wp-json\/wp\/v2\/media?parent=6713"}],"curies":[{"name":"wp","href":"https:\/\/api.w.org\/{rel}","templated":true}]}}