{"id":6717,"date":"2026-03-18T18:49:42","date_gmt":"2026-03-18T18:49:42","guid":{"rendered":"https:\/\/asociacionmarketing.com\/?page_id=6717"},"modified":"2026-05-05T09:34:52","modified_gmt":"2026-05-05T09:34:52","slug":"empresas-patrocinadoras","status":"publish","type":"page","link":"https:\/\/asociacionmarketing.com\/eu\/premios-marketing\/empresas-patrocinadoras\/","title":{"rendered":"Empresas patrocinadoras"},"content":{"rendered":"\t\t<div data-elementor-type=\"wp-page\" data-elementor-id=\"6717\" class=\"elementor elementor-6717\" data-elementor-post-type=\"page\">\n\t\t\t\t<div class=\"elementor-element elementor-element-b49c6f5 e-con-full e-flex e-con e-parent\" data-id=\"b49c6f5\" data-element_type=\"container\" data-e-type=\"container\" data-settings=\"{&quot;background_background&quot;:&quot;classic&quot;}\">\n\t\t<div class=\"elementor-element elementor-element-e06ed4c e-con-full e-flex e-con e-child\" data-id=\"e06ed4c\" data-element_type=\"container\" data-e-type=\"container\">\n\t\t\t\t<div class=\"elementor-element elementor-element-ca31454 elementor-widget elementor-widget-heading\" data-id=\"ca31454\" data-element_type=\"widget\" data-e-type=\"widget\" data-widget_type=\"heading.default\">\n\t\t\t\t<div class=\"elementor-widget-container\">\n\t\t\t\t\t<h1 class=\"elementor-heading-title elementor-size-default\">Empresas patrocinadoras<\/h1>\t\t\t\t<\/div>\n\t\t\t\t<\/div>\n\t\t\t\t<div class=\"elementor-element elementor-element-b82d736 elementor-hidden-tablet elementor-hidden-mobile elementor-widget elementor-widget-spacer\" data-id=\"b82d736\" data-element_type=\"widget\" data-e-type=\"widget\" data-widget_type=\"spacer.default\">\n\t\t\t\t<div class=\"elementor-widget-container\">\n\t\t\t\t\t\t\t<div class=\"elementor-spacer\">\n\t\t\t<div class=\"elementor-spacer-inner\"><\/div>\n\t\t<\/div>\n\t\t\t\t\t\t<\/div>\n\t\t\t\t<\/div>\n\t\t\t\t<div class=\"elementor-element elementor-element-2af92f6 elementor-widget elementor-widget-text-editor\" data-id=\"2af92f6\" data-element_type=\"widget\" data-e-type=\"widget\" data-widget_type=\"text-editor.default\">\n\t\t\t\t<div class=\"elementor-widget-container\">\n\t\t\t\t\t\t\t\t\t<p>Recordamos que estos Premios, y la Asociaci\u00f3n Marketing Alumni de la UPV\/EHU que los organiza y promueve, se gestionan y financian sin \u00e1nimo de lucro alguno y que todo el dinero recogido para la organizaci\u00f3n de los Premios, as\u00ed como las colaboraciones en especie, estar\u00e1n exclusivamente destinadas a sufragar los gastos y acciones necesarias para la celebraci\u00f3n del evento.<\/p>\t\t\t\t\t\t\t\t<\/div>\n\t\t\t\t<\/div>\n\t\t\t\t<div class=\"elementor-element elementor-element-134c3f0 elementor-widget elementor-widget-image-carousel\" data-id=\"134c3f0\" data-element_type=\"widget\" data-e-type=\"widget\" data-settings=\"{&quot;slides_to_show&quot;:&quot;3&quot;,&quot;slides_to_show_tablet&quot;:&quot;4&quot;,&quot;slides_to_show_mobile&quot;:&quot;2&quot;,&quot;navigation&quot;:&quot;none&quot;,&quot;autoplay_speed&quot;:0,&quot;speed&quot;:3000,&quot;image_spacing_custom&quot;:{&quot;unit&quot;:&quot;px&quot;,&quot;size&quot;:50,&quot;sizes&quot;:[]},&quot;image_spacing_custom_mobile&quot;:{&quot;unit&quot;:&quot;px&quot;,&quot;size&quot;:20,&quot;sizes&quot;:[]},&quot;autoplay&quot;:&quot;yes&quot;,&quot;pause_on_hover&quot;:&quot;yes&quot;,&quot;pause_on_interaction&quot;:&quot;yes&quot;,&quot;infinite&quot;:&quot;yes&quot;,&quot;image_spacing_custom_tablet&quot;:{&quot;unit&quot;:&quot;px&quot;,&quot;size&quot;:&quot;&quot;,&quot;sizes&quot;:[]}}\" data-widget_type=\"image-carousel.default\">\n\t\t\t\t<div class=\"elementor-widget-container\">\n\t\t\t\t\t\t\t<div class=\"elementor-image-carousel-wrapper swiper\" role=\"region\" aria-roledescription=\"carousel\" aria-label=\"Carrusel de im\u00e1genes\" dir=\"ltr\">\n\t\t\t<div class=\"elementor-image-carousel swiper-wrapper\" aria-live=\"off\">\n\t\t\t\t\t\t\t\t<div class=\"swiper-slide\" role=\"group\" aria-roledescription=\"slide\" aria-label=\"1 of 7\"><figure class=\"swiper-slide-inner\"><img decoding=\"async\" class=\"swiper-slide-image\" src=\"https:\/\/asociacionmarketing.com\/wp-content\/uploads\/2026\/03\/logo1.svg\" alt=\"logo1\" \/><\/figure><\/div><div class=\"swiper-slide\" role=\"group\" aria-roledescription=\"slide\" aria-label=\"2 of 7\"><figure class=\"swiper-slide-inner\"><img decoding=\"async\" class=\"swiper-slide-image\" src=\"https:\/\/asociacionmarketing.com\/wp-content\/uploads\/2026\/03\/logo7.svg\" alt=\"logo7\" \/><\/figure><\/div><div class=\"swiper-slide\" role=\"group\" aria-roledescription=\"slide\" aria-label=\"3 of 7\"><figure class=\"swiper-slide-inner\"><img decoding=\"async\" class=\"swiper-slide-image\" src=\"https:\/\/asociacionmarketing.com\/wp-content\/uploads\/2026\/03\/logo6.svg\" alt=\"logo6\" \/><\/figure><\/div><div class=\"swiper-slide\" role=\"group\" aria-roledescription=\"slide\" aria-label=\"4 of 7\"><figure class=\"swiper-slide-inner\"><img decoding=\"async\" class=\"swiper-slide-image\" src=\"https:\/\/asociacionmarketing.com\/wp-content\/uploads\/2026\/03\/logo5.svg\" alt=\"logo5\" \/><\/figure><\/div><div class=\"swiper-slide\" role=\"group\" aria-roledescription=\"slide\" aria-label=\"5 of 7\"><figure class=\"swiper-slide-inner\"><img decoding=\"async\" class=\"swiper-slide-image\" src=\"https:\/\/asociacionmarketing.com\/wp-content\/uploads\/2026\/03\/logo4.svg\" alt=\"logo4\" \/><\/figure><\/div><div class=\"swiper-slide\" role=\"group\" aria-roledescription=\"slide\" aria-label=\"6 of 7\"><figure class=\"swiper-slide-inner\"><img decoding=\"async\" class=\"swiper-slide-image\" src=\"https:\/\/asociacionmarketing.com\/wp-content\/uploads\/2026\/03\/logo3.svg\" alt=\"logo3\" \/><\/figure><\/div><div class=\"swiper-slide\" role=\"group\" aria-roledescription=\"slide\" aria-label=\"7 of 7\"><figure class=\"swiper-slide-inner\"><img decoding=\"async\" class=\"swiper-slide-image\" src=\"https:\/\/asociacionmarketing.com\/wp-content\/uploads\/2026\/03\/logo2.svg\" alt=\"logo2\" \/><\/figure><\/div>\t\t\t<\/div>\n\t\t\t\t\t\t\t\n\t\t\t\t\t\t\t\t\t<\/div>\n\t\t\t\t\t\t<\/div>\n\t\t\t\t<\/div>\n\t\t\t\t<\/div>\n\t\t<div class=\"elementor-element elementor-element-0790ad8 e-con-full e-flex e-con e-child\" data-id=\"0790ad8\" data-element_type=\"container\" data-e-type=\"container\" data-settings=\"{&quot;background_background&quot;:&quot;classic&quot;,&quot;sticky&quot;:&quot;top&quot;,&quot;sticky_on&quot;:[&quot;desktop&quot;],&quot;sticky_offset&quot;:120,&quot;sticky_parent&quot;:&quot;yes&quot;,&quot;sticky_effects_offset&quot;:0,&quot;sticky_anchor_link_offset&quot;:0}\">\n\t\t\t\t<\/div>\n\t\t\t\t<\/div>\n\t\t\t\t<\/div>\n\t\t","protected":false},"excerpt":{"rendered":"<p>Recordamos que estos Premios, y la Asociaci\u00f3n Marketing Alumni de la UPV\/EHU que los organiza y promueve, se gestionan y financian sin \u00e1nimo de lucro alguno y que todo el dinero recogido para la organizaci\u00f3n de los Premios, as\u00ed como las colaboraciones en especie, estar\u00e1n exclusivamente destinadas a sufragar los gastos y acciones necesarias para [&hellip;]<\/p>\n","protected":false},"author":1,"featured_media":0,"parent":90,"menu_order":0,"comment_status":"closed","ping_status":"closed","template":"elementor_header_footer","meta":{"footnotes":""},"class_list":["post-6717","page","type-page","status-publish","hentry"],"yoast_head":"<!-- This site is optimized with the Yoast SEO plugin v27.5 - https:\/\/yoast.com\/product\/yoast-seo-wordpress\/ -->\n<title>Empresas patrocinadoras - Alumni<\/title>\n<meta name=\"robots\" content=\"noindex, follow, max-snippet:-1, max-image-preview:large, max-video-preview:-1\" \/>\n<meta property=\"og:locale\" content=\"en_US\" \/>\n<meta property=\"og:type\" content=\"article\" \/>\n<meta property=\"og:title\" content=\"Empresas patrocinadoras - Alumni\" \/>\n<meta property=\"og:description\" content=\"Recordamos que estos Premios, y la Asociaci\u00f3n Marketing Alumni de la UPV\/EHU que los organiza y promueve, se gestionan y financian sin \u00e1nimo de lucro alguno y que todo el dinero recogido para la organizaci\u00f3n de los Premios, as\u00ed como las colaboraciones en especie, estar\u00e1n exclusivamente destinadas a sufragar los gastos y acciones necesarias para [&hellip;]\" \/>\n<meta property=\"og:url\" content=\"https:\/\/asociacionmarketing.com\/eu\/premios-marketing\/empresas-patrocinadoras\/\" \/>\n<meta property=\"og:site_name\" content=\"Alumni\" \/>\n<meta property=\"article:modified_time\" content=\"2026-05-05T09:34:52+00:00\" \/>\n<meta property=\"og:image\" content=\"https:\/\/asociacionmarketing.com\/wp-content\/uploads\/2026\/03\/logo1.svg\" \/>\n<meta name=\"twitter:card\" content=\"summary_large_image\" \/>\n<script type=\"application\/ld+json\" class=\"yoast-schema-graph\">{\"@context\":\"https:\\\/\\\/schema.org\",\"@graph\":[{\"@type\":\"WebPage\",\"@id\":\"https:\\\/\\\/asociacionmarketing.com\\\/premios-marketing\\\/empresas-patrocinadoras\\\/\",\"url\":\"https:\\\/\\\/asociacionmarketing.com\\\/premios-marketing\\\/empresas-patrocinadoras\\\/\",\"name\":\"Empresas patrocinadoras - Alumni\",\"isPartOf\":{\"@id\":\"https:\\\/\\\/asociacionmarketing.com\\\/#website\"},\"primaryImageOfPage\":{\"@id\":\"https:\\\/\\\/asociacionmarketing.com\\\/premios-marketing\\\/empresas-patrocinadoras\\\/#primaryimage\"},\"image\":{\"@id\":\"https:\\\/\\\/asociacionmarketing.com\\\/premios-marketing\\\/empresas-patrocinadoras\\\/#primaryimage\"},\"thumbnailUrl\":\"https:\\\/\\\/asociacionmarketing.com\\\/wp-content\\\/uploads\\\/2026\\\/03\\\/logo1.svg\",\"datePublished\":\"2026-03-18T18:49:42+00:00\",\"dateModified\":\"2026-05-05T09:34:52+00:00\",\"breadcrumb\":{\"@id\":\"https:\\\/\\\/asociacionmarketing.com\\\/premios-marketing\\\/empresas-patrocinadoras\\\/#breadcrumb\"},\"inLanguage\":\"eu\",\"potentialAction\":[{\"@type\":\"ReadAction\",\"target\":[\"https:\\\/\\\/asociacionmarketing.com\\\/premios-marketing\\\/empresas-patrocinadoras\\\/\"]}]},{\"@type\":\"ImageObject\",\"inLanguage\":\"eu\",\"@id\":\"https:\\\/\\\/asociacionmarketing.com\\\/premios-marketing\\\/empresas-patrocinadoras\\\/#primaryimage\",\"url\":\"https:\\\/\\\/asociacionmarketing.com\\\/wp-content\\\/uploads\\\/2026\\\/03\\\/logo1.svg\",\"contentUrl\":\"https:\\\/\\\/asociacionmarketing.com\\\/wp-content\\\/uploads\\\/2026\\\/03\\\/logo1.svg\"},{\"@type\":\"BreadcrumbList\",\"@id\":\"https:\\\/\\\/asociacionmarketing.com\\\/premios-marketing\\\/empresas-patrocinadoras\\\/#breadcrumb\",\"itemListElement\":[{\"@type\":\"ListItem\",\"position\":1,\"name\":\"Portada\",\"item\":\"https:\\\/\\\/asociacionmarketing.com\\\/\"},{\"@type\":\"ListItem\",\"position\":2,\"name\":\"Premios Marketing (PesMes)\",\"item\":\"https:\\\/\\\/asociacionmarketing.com\\\/premios-marketing\\\/\"},{\"@type\":\"ListItem\",\"position\":3,\"name\":\"Empresas patrocinadoras\"}]},{\"@type\":\"WebSite\",\"@id\":\"https:\\\/\\\/asociacionmarketing.com\\\/#website\",\"url\":\"https:\\\/\\\/asociacionmarketing.com\\\/\",\"name\":\"Alumni\",\"description\":\"\",\"potentialAction\":[{\"@type\":\"SearchAction\",\"target\":{\"@type\":\"EntryPoint\",\"urlTemplate\":\"https:\\\/\\\/asociacionmarketing.com\\\/?s={search_term_string}\"},\"query-input\":{\"@type\":\"PropertyValueSpecification\",\"valueRequired\":true,\"valueName\":\"search_term_string\"}}],\"inLanguage\":\"eu\"}]}<\/script>\n<!-- \/ Yoast SEO plugin. -->","yoast_head_json":{"title":"Empresas patrocinadoras - Alumni","robots":{"index":"noindex","follow":"follow","max-snippet":"max-snippet:-1","max-image-preview":"max-image-preview:large","max-video-preview":"max-video-preview:-1"},"og_locale":"en_US","og_type":"article","og_title":"Empresas patrocinadoras - Alumni","og_description":"Recordamos que estos Premios, y la Asociaci\u00f3n Marketing Alumni de la UPV\/EHU que los organiza y promueve, se gestionan y financian sin \u00e1nimo de lucro alguno y que todo el dinero recogido para la organizaci\u00f3n de los Premios, as\u00ed como las colaboraciones en especie, estar\u00e1n exclusivamente destinadas a sufragar los gastos y acciones necesarias para [&hellip;]","og_url":"https:\/\/asociacionmarketing.com\/eu\/premios-marketing\/empresas-patrocinadoras\/","og_site_name":"Alumni","article_modified_time":"2026-05-05T09:34:52+00:00","og_image":[{"url":"https:\/\/asociacionmarketing.com\/wp-content\/uploads\/2026\/03\/logo1.svg","type":"","width":"","height":""}],"twitter_card":"summary_large_image","schema":{"@context":"https:\/\/schema.org","@graph":[{"@type":"WebPage","@id":"https:\/\/asociacionmarketing.com\/premios-marketing\/empresas-patrocinadoras\/","url":"https:\/\/asociacionmarketing.com\/premios-marketing\/empresas-patrocinadoras\/","name":"Empresas patrocinadoras - Alumni","isPartOf":{"@id":"https:\/\/asociacionmarketing.com\/#website"},"primaryImageOfPage":{"@id":"https:\/\/asociacionmarketing.com\/premios-marketing\/empresas-patrocinadoras\/#primaryimage"},"image":{"@id":"https:\/\/asociacionmarketing.com\/premios-marketing\/empresas-patrocinadoras\/#primaryimage"},"thumbnailUrl":"https:\/\/asociacionmarketing.com\/wp-content\/uploads\/2026\/03\/logo1.svg","datePublished":"2026-03-18T18:49:42+00:00","dateModified":"2026-05-05T09:34:52+00:00","breadcrumb":{"@id":"https:\/\/asociacionmarketing.com\/premios-marketing\/empresas-patrocinadoras\/#breadcrumb"},"inLanguage":"eu","potentialAction":[{"@type":"ReadAction","target":["https:\/\/asociacionmarketing.com\/premios-marketing\/empresas-patrocinadoras\/"]}]},{"@type":"ImageObject","inLanguage":"eu","@id":"https:\/\/asociacionmarketing.com\/premios-marketing\/empresas-patrocinadoras\/#primaryimage","url":"https:\/\/asociacionmarketing.com\/wp-content\/uploads\/2026\/03\/logo1.svg","contentUrl":"https:\/\/asociacionmarketing.com\/wp-content\/uploads\/2026\/03\/logo1.svg"},{"@type":"BreadcrumbList","@id":"https:\/\/asociacionmarketing.com\/premios-marketing\/empresas-patrocinadoras\/#breadcrumb","itemListElement":[{"@type":"ListItem","position":1,"name":"Portada","item":"https:\/\/asociacionmarketing.com\/"},{"@type":"ListItem","position":2,"name":"Premios Marketing (PesMes)","item":"https:\/\/asociacionmarketing.com\/premios-marketing\/"},{"@type":"ListItem","position":3,"name":"Empresas patrocinadoras"}]},{"@type":"WebSite","@id":"https:\/\/asociacionmarketing.com\/#website","url":"https:\/\/asociacionmarketing.com\/","name":"Alumni","description":"","potentialAction":[{"@type":"SearchAction","target":{"@type":"EntryPoint","urlTemplate":"https:\/\/asociacionmarketing.com\/?s={search_term_string}"},"query-input":{"@type":"PropertyValueSpecification","valueRequired":true,"valueName":"search_term_string"}}],"inLanguage":"eu"}]}},"_links":{"self":[{"href":"https:\/\/asociacionmarketing.com\/eu\/wp-json\/wp\/v2\/pages\/6717","targetHints":{"allow":["GET"]}}],"collection":[{"href":"https:\/\/asociacionmarketing.com\/eu\/wp-json\/wp\/v2\/pages"}],"about":[{"href":"https:\/\/asociacionmarketing.com\/eu\/wp-json\/wp\/v2\/types\/page"}],"author":[{"embeddable":true,"href":"https:\/\/asociacionmarketing.com\/eu\/wp-json\/wp\/v2\/users\/1"}],"replies":[{"embeddable":true,"href":"https:\/\/asociacionmarketing.com\/eu\/wp-json\/wp\/v2\/comments?post=6717"}],"version-history":[{"count":10,"href":"https:\/\/asociacionmarketing.com\/eu\/wp-json\/wp\/v2\/pages\/6717\/revisions"}],"predecessor-version":[{"id":7631,"href":"https:\/\/asociacionmarketing.com\/eu\/wp-json\/wp\/v2\/pages\/6717\/revisions\/7631"}],"up":[{"embeddable":true,"href":"https:\/\/asociacionmarketing.com\/eu\/wp-json\/wp\/v2\/pages\/90"}],"wp:attachment":[{"href":"https:\/\/asociacionmarketing.com\/eu\/wp-json\/wp\/v2\/media?parent=6717"}],"curies":[{"name":"wp","href":"https:\/\/api.w.org\/{rel}","templated":true}]}}