{"id":7435,"date":"2026-04-23T12:07:00","date_gmt":"2026-04-23T12:07:00","guid":{"rendered":"https:\/\/asociacionmarketing.com\/?page_id=7435"},"modified":"2026-04-28T10:46:14","modified_gmt":"2026-04-28T10:46:14","slug":"team-building","status":"publish","type":"page","link":"https:\/\/asociacionmarketing.com\/eu\/actividades\/team-building\/","title":{"rendered":"Team Building"},"content":{"rendered":"\t\t<div data-elementor-type=\"wp-page\" data-elementor-id=\"7435\" class=\"elementor elementor-7435\" data-elementor-post-type=\"page\">\n\t\t\t\t<div class=\"elementor-element elementor-element-be73bac e-con-full e-flex e-con e-parent\" data-id=\"be73bac\" data-element_type=\"container\" data-e-type=\"container\" data-settings=\"{&quot;background_background&quot;:&quot;classic&quot;}\">\n\t\t<div class=\"elementor-element elementor-element-1989aed e-con-full e-flex e-con e-child\" data-id=\"1989aed\" data-element_type=\"container\" data-e-type=\"container\">\n\t\t\t\t<div class=\"elementor-element elementor-element-e1b6931 elementor-widget__width-initial elementor-widget-tablet__width-inherit animate-letters elementor-widget elementor-widget-heading\" data-id=\"e1b6931\" data-element_type=\"widget\" data-e-type=\"widget\" data-widget_type=\"heading.default\">\n\t\t\t\t<div class=\"elementor-widget-container\">\n\t\t\t\t\t<h1 class=\"elementor-heading-title elementor-size-default\">Team Building<\/h1>\t\t\t\t<\/div>\n\t\t\t\t<\/div>\n\t\t<div class=\"elementor-element elementor-element-da45636 e-con-full animated-slow e-flex elementor-invisible e-con e-child\" data-id=\"da45636\" data-element_type=\"container\" data-e-type=\"container\" data-settings=\"{&quot;animation&quot;:&quot;fadeInUp&quot;,&quot;animation_delay&quot;:500}\">\n\t\t\t\t<div class=\"elementor-element elementor-element-d9ae17c elementor-widget elementor-widget-text-editor\" data-id=\"d9ae17c\" data-element_type=\"widget\" data-e-type=\"widget\" data-widget_type=\"text-editor.default\">\n\t\t\t\t<div class=\"elementor-widget-container\">\n\t\t\t\t\t\t\t\t\t<p><strong><b>Ventajas de ser socio:<\/b><\/strong>\u00a0Las y los miembros de AMA disfrutan de <strong><b>preferencia en la inscripci\u00f3n, precios bonificados<\/b><\/strong>\u00a0y acceso a cursos <strong><b>exclusivos. <\/b><\/strong><\/p>\t\t\t\t\t\t\t\t<\/div>\n\t\t\t\t<\/div>\n\t\t\t\t<div class=\"elementor-element elementor-element-d5f877b elementor-align-center elementor-widget elementor-widget-button\" data-id=\"d5f877b\" data-element_type=\"widget\" data-e-type=\"widget\" data-widget_type=\"button.default\">\n\t\t\t\t<div class=\"elementor-widget-container\">\n\t\t\t\t\t\t\t\t\t<div class=\"elementor-button-wrapper\">\n\t\t\t\t\t<a class=\"elementor-button elementor-button-link elementor-size-sm\" href=\"\/socios\">\n\t\t\t\t\t\t<span class=\"elementor-button-content-wrapper\">\n\t\t\t\t\t\t<span class=\"elementor-button-icon\">\n\t\t\t\t<svg xmlns=\"http:\/\/www.w3.org\/2000\/svg\" id=\"uuid-e9a98486-8915-4ad4-bf39-34e02de226ef\" width=\"8\" height=\"18\" viewBox=\"0 0 8 18\"><path d=\"M2.077.255c-.149,1.171-.019,2.973.821,4.515.807,1.481,2.304,2.798,5.102,3.068l-.048,2.015c-1.128.055-4.629,1.488-5.885,8.147l-1.989-.374c.858-4.547,2.765-7.188,4.644-8.558-1.701-.762-2.861-1.971-3.602-3.332C.03,3.734-.119,1.482.069,0l2.008.255Z\"><\/path><\/svg>\t\t\t<\/span>\n\t\t\t\t\t\t\t\t\t<span class=\"elementor-button-text\">\u00a1As\u00f3ciate!<\/span>\n\t\t\t\t\t<\/span>\n\t\t\t\t\t<\/a>\n\t\t\t\t<\/div>\n\t\t\t\t\t\t\t\t<\/div>\n\t\t\t\t<\/div>\n\t\t\t\t<\/div>\n\t\t\t\t<\/div>\n\t\t<div class=\"elementor-element elementor-element-76ba6ef e-con-full animated-slow e-flex elementor-invisible e-con e-child\" data-id=\"76ba6ef\" data-element_type=\"container\" data-e-type=\"container\" data-settings=\"{&quot;animation&quot;:&quot;fadeInUp&quot;,&quot;animation_delay&quot;:500}\">\n\t\t<div class=\"elementor-element elementor-element-4ec7485 e-con-full animated-slow e-flex elementor-invisible e-con e-child\" data-id=\"4ec7485\" data-element_type=\"container\" data-e-type=\"container\" data-settings=\"{&quot;animation&quot;:&quot;fadeInUp&quot;,&quot;animation_delay&quot;:500}\">\n\t\t\t\t<div class=\"elementor-element elementor-element-06ad8a5 elementor-widget elementor-widget-text-editor\" data-id=\"06ad8a5\" data-element_type=\"widget\" data-e-type=\"widget\" data-widget_type=\"text-editor.default\">\n\t\t\t\t<div class=\"elementor-widget-container\">\n\t\t\t\t\t\t\t\t\t<p><strong><b>\u00a1No te pierdas ning\u00fan curso! Ap\u00fantate a nuestra newsletter y recibe todas las novedades de nuestra asociaci\u00f3n.\u00a1Suscr\u00edbete!<\/b><\/strong><\/p>\t\t\t\t\t\t\t\t<\/div>\n\t\t\t\t<\/div>\n\t\t\t\t<div class=\"elementor-element elementor-element-8514d09 elementor-button-align-stretch elementor-widget elementor-widget-form\" data-id=\"8514d09\" data-element_type=\"widget\" data-e-type=\"widget\" data-settings=\"{&quot;step_next_label&quot;:&quot;Next&quot;,&quot;step_previous_label&quot;:&quot;Previous&quot;,&quot;button_width&quot;:&quot;100&quot;,&quot;step_type&quot;:&quot;number_text&quot;,&quot;step_icon_shape&quot;:&quot;circle&quot;}\" data-widget_type=\"form.default\">\n\t\t\t\t<div class=\"elementor-widget-container\">\n\t\t\t\t\t\t\t<form class=\"elementor-form\" method=\"post\" name=\"Newsletter\" aria-label=\"Newsletter\">\n\t\t\t<input type=\"hidden\" name=\"post_id\" value=\"7435\"\/>\n\t\t\t<input type=\"hidden\" name=\"form_id\" value=\"8514d09\"\/>\n\t\t\t<input type=\"hidden\" name=\"referer_title\" value=\"Alumni\" \/>\n\n\t\t\t\n\t\t\t<div class=\"elementor-form-fields-wrapper elementor-labels-\">\n\t\t\t\t\t\t\t\t<div class=\"elementor-field-type-email elementor-field-group elementor-column elementor-field-group-email elementor-col-100 elementor-field-required\">\n\t\t\t\t\t\t\t\t\t\t\t\t<label for=\"form-field-email\" class=\"elementor-field-label elementor-screen-only\">\n\t\t\t\t\t\t\t\tEmail\t\t\t\t\t\t\t<\/label>\n\t\t\t\t\t\t\t\t\t\t\t\t\t\t<input size=\"1\" type=\"email\" name=\"form_fields[email]\" id=\"form-field-email\" class=\"elementor-field elementor-size-md  elementor-field-textual\" placeholder=\"Email\" required=\"required\">\n\t\t\t\t\t\t\t\t\t\t\t<\/div>\n\t\t\t\t\t\t\t\t<div class=\"elementor-field-group elementor-column elementor-field-type-submit elementor-col-100 e-form__buttons\">\n\t\t\t\t\t<button class=\"elementor-button elementor-size-sm\" type=\"submit\">\n\t\t\t\t\t\t<span class=\"elementor-button-content-wrapper\">\n\t\t\t\t\t\t\t\t\t\t\t\t\t\t\t\t\t\t\t\t\t\t<span class=\"elementor-button-text\">Suscribirme<\/span>\n\t\t\t\t\t\t\t\t\t\t\t\t\t<\/span>\n\t\t\t\t\t<\/button>\n\t\t\t\t<\/div>\n\t\t\t<\/div>\n\t\t<\/form>\n\t\t\t\t\t\t<\/div>\n\t\t\t\t<\/div>\n\t\t\t\t<\/div>\n\t\t\t\t<div class=\"elementor-element elementor-element-84de340 elementor-widget elementor-widget-image\" data-id=\"84de340\" data-element_type=\"widget\" data-e-type=\"widget\" data-widget_type=\"image.default\">\n\t\t\t\t<div class=\"elementor-widget-container\">\n\t\t\t\t\t\t\t\t\t\t\t\t\t\t\t<img decoding=\"async\" width=\"119\" height=\"61\" src=\"https:\/\/asociacionmarketing.com\/wp-content\/uploads\/2026\/03\/logo-hero.svg\" class=\"attachment-large size-large wp-image-205\" alt=\"\" \/>\t\t\t\t\t\t\t\t\t\t\t\t\t\t\t<\/div>\n\t\t\t\t<\/div>\n\t\t\t\t<\/div>\n\t\t\t\t<\/div>\n\t\t<div class=\"elementor-element elementor-element-3617ae5 e-flex e-con-boxed e-con e-parent\" data-id=\"3617ae5\" data-element_type=\"container\" data-e-type=\"container\">\n\t\t\t\t\t<div class=\"e-con-inner\">\n\t\t\t\t<div class=\"elementor-element elementor-element-7b12373 listing-equipo elementor-widget elementor-widget-jet-listing-grid\" data-id=\"7b12373\" data-element_type=\"widget\" data-e-type=\"widget\" data-settings=\"{&quot;columns&quot;:3,&quot;columns_tablet&quot;:&quot;2&quot;,&quot;columns_mobile&quot;:&quot;1&quot;}\" data-widget_type=\"jet-listing-grid.default\">\n\t\t\t\t<div class=\"elementor-widget-container\">\n\t\t\t\t\t<div class=\"jet-listing-notice\">Please select listing to show.<\/div>\t\t\t\t<\/div>\n\t\t\t\t<\/div>\n\t\t\t\t<div class=\"elementor-element elementor-element-ee2f3ab elementor-widget elementor-widget-jet-smart-filters-pagination\" data-id=\"ee2f3ab\" data-element_type=\"widget\" data-e-type=\"widget\" data-widget_type=\"jet-smart-filters-pagination.default\">\n\t\t\t\t<div class=\"elementor-widget-container\">\n\t\t\t\t\t<div\n\t\t\t\tclass=\"jet-smart-filters-pagination jet-filter\"\n\t\t\t\tdata-apply-provider=\"jet-engine\"\n\t\t\t\tdata-content-provider=\"jet-engine\"\n\t\t\t\tdata-query-id=\"default\"\n\t\t\t\tdata-controls=\"{&quot;items_enabled&quot;:true,&quot;pages_mid_size&quot;:0,&quot;pages_end_size&quot;:0,&quot;nav_enabled&quot;:false,&quot;load_more_enabled&quot;:false,&quot;provider_top_offset&quot;:0}\"\n\t\t\t\tdata-apply-type=\"ajax\"\n\t\t\t><\/div>\t\t\t\t<\/div>\n\t\t\t\t<\/div>\n\t\t\t\t\t<\/div>\n\t\t\t\t<\/div>\n\t\t\t\t<\/div>\n\t\t","protected":false},"excerpt":{"rendered":"<p>Ventajas de ser socio:\u00a0Las y los miembros de AMA disfrutan de preferencia en la inscripci\u00f3n, precios bonificados\u00a0y acceso a cursos exclusivos. \u00a1As\u00f3ciate! \u00a1No te pierdas ning\u00fan curso! Ap\u00fantate a nuestra newsletter y recibe todas las novedades de nuestra asociaci\u00f3n.\u00a1Suscr\u00edbete! Please select listing to show.<\/p>","protected":false},"author":4,"featured_media":0,"parent":82,"menu_order":0,"comment_status":"closed","ping_status":"closed","template":"","meta":{"footnotes":""},"class_list":["post-7435","page","type-page","status-publish","hentry"],"yoast_head":"<!-- This site is optimized with the Yoast SEO plugin v27.5 - https:\/\/yoast.com\/product\/yoast-seo-wordpress\/ -->\n<title>Team Building - Alumni<\/title>\n<meta name=\"robots\" content=\"noindex, follow, max-snippet:-1, max-image-preview:large, max-video-preview:-1\" \/>\n<meta property=\"og:locale\" content=\"en_US\" \/>\n<meta property=\"og:type\" content=\"article\" \/>\n<meta property=\"og:title\" content=\"Team Building - Alumni\" \/>\n<meta property=\"og:description\" content=\"Ventajas de ser socio:\u00a0Las y los miembros de AMA disfrutan de preferencia en la inscripci\u00f3n, precios bonificados\u00a0y acceso a cursos exclusivos. \u00a1As\u00f3ciate! \u00a1No te pierdas ning\u00fan curso! Ap\u00fantate a nuestra newsletter y recibe todas las novedades de nuestra asociaci\u00f3n.\u00a1Suscr\u00edbete! Please select listing to show.\" \/>\n<meta property=\"og:url\" content=\"https:\/\/asociacionmarketing.com\/eu\/actividades\/team-building\/\" \/>\n<meta property=\"og:site_name\" content=\"Alumni\" \/>\n<meta property=\"article:modified_time\" content=\"2026-04-28T10:46:14+00:00\" \/>\n<meta name=\"twitter:card\" content=\"summary_large_image\" \/>\n<script type=\"application\/ld+json\" class=\"yoast-schema-graph\">{\"@context\":\"https:\\\/\\\/schema.org\",\"@graph\":[{\"@type\":\"WebPage\",\"@id\":\"https:\\\/\\\/asociacionmarketing.com\\\/actividades\\\/team-building\\\/\",\"url\":\"https:\\\/\\\/asociacionmarketing.com\\\/actividades\\\/team-building\\\/\",\"name\":\"Team Building - Alumni\",\"isPartOf\":{\"@id\":\"https:\\\/\\\/asociacionmarketing.com\\\/#website\"},\"primaryImageOfPage\":{\"@id\":\"https:\\\/\\\/asociacionmarketing.com\\\/actividades\\\/team-building\\\/#primaryimage\"},\"image\":{\"@id\":\"https:\\\/\\\/asociacionmarketing.com\\\/actividades\\\/team-building\\\/#primaryimage\"},\"thumbnailUrl\":\"https:\\\/\\\/asociacionmarketing.com\\\/wp-content\\\/uploads\\\/2026\\\/03\\\/logo-hero.svg\",\"datePublished\":\"2026-04-23T12:07:00+00:00\",\"dateModified\":\"2026-04-28T10:46:14+00:00\",\"breadcrumb\":{\"@id\":\"https:\\\/\\\/asociacionmarketing.com\\\/actividades\\\/team-building\\\/#breadcrumb\"},\"inLanguage\":\"eu\",\"potentialAction\":[{\"@type\":\"ReadAction\",\"target\":[\"https:\\\/\\\/asociacionmarketing.com\\\/actividades\\\/team-building\\\/\"]}]},{\"@type\":\"ImageObject\",\"inLanguage\":\"eu\",\"@id\":\"https:\\\/\\\/asociacionmarketing.com\\\/actividades\\\/team-building\\\/#primaryimage\",\"url\":\"https:\\\/\\\/asociacionmarketing.com\\\/wp-content\\\/uploads\\\/2026\\\/03\\\/logo-hero.svg\",\"contentUrl\":\"https:\\\/\\\/asociacionmarketing.com\\\/wp-content\\\/uploads\\\/2026\\\/03\\\/logo-hero.svg\"},{\"@type\":\"BreadcrumbList\",\"@id\":\"https:\\\/\\\/asociacionmarketing.com\\\/actividades\\\/team-building\\\/#breadcrumb\",\"itemListElement\":[{\"@type\":\"ListItem\",\"position\":1,\"name\":\"Portada\",\"item\":\"https:\\\/\\\/asociacionmarketing.com\\\/\"},{\"@type\":\"ListItem\",\"position\":2,\"name\":\"Actividades\",\"item\":\"https:\\\/\\\/asociacionmarketing.com\\\/actividades\\\/\"},{\"@type\":\"ListItem\",\"position\":3,\"name\":\"Team Building\"}]},{\"@type\":\"WebSite\",\"@id\":\"https:\\\/\\\/asociacionmarketing.com\\\/#website\",\"url\":\"https:\\\/\\\/asociacionmarketing.com\\\/\",\"name\":\"Alumni\",\"description\":\"\",\"potentialAction\":[{\"@type\":\"SearchAction\",\"target\":{\"@type\":\"EntryPoint\",\"urlTemplate\":\"https:\\\/\\\/asociacionmarketing.com\\\/?s={search_term_string}\"},\"query-input\":{\"@type\":\"PropertyValueSpecification\",\"valueRequired\":true,\"valueName\":\"search_term_string\"}}],\"inLanguage\":\"eu\"}]}<\/script>\n<!-- \/ Yoast SEO plugin. -->","yoast_head_json":{"title":"Team Building - Alumni","robots":{"index":"noindex","follow":"follow","max-snippet":"max-snippet:-1","max-image-preview":"max-image-preview:large","max-video-preview":"max-video-preview:-1"},"og_locale":"en_US","og_type":"article","og_title":"Team Building - Alumni","og_description":"Ventajas de ser socio:\u00a0Las y los miembros de AMA disfrutan de preferencia en la inscripci\u00f3n, precios bonificados\u00a0y acceso a cursos exclusivos. \u00a1As\u00f3ciate! \u00a1No te pierdas ning\u00fan curso! Ap\u00fantate a nuestra newsletter y recibe todas las novedades de nuestra asociaci\u00f3n.\u00a1Suscr\u00edbete! Please select listing to show.","og_url":"https:\/\/asociacionmarketing.com\/eu\/actividades\/team-building\/","og_site_name":"Alumni","article_modified_time":"2026-04-28T10:46:14+00:00","twitter_card":"summary_large_image","schema":{"@context":"https:\/\/schema.org","@graph":[{"@type":"WebPage","@id":"https:\/\/asociacionmarketing.com\/actividades\/team-building\/","url":"https:\/\/asociacionmarketing.com\/actividades\/team-building\/","name":"Team Building - Alumni","isPartOf":{"@id":"https:\/\/asociacionmarketing.com\/#website"},"primaryImageOfPage":{"@id":"https:\/\/asociacionmarketing.com\/actividades\/team-building\/#primaryimage"},"image":{"@id":"https:\/\/asociacionmarketing.com\/actividades\/team-building\/#primaryimage"},"thumbnailUrl":"https:\/\/asociacionmarketing.com\/wp-content\/uploads\/2026\/03\/logo-hero.svg","datePublished":"2026-04-23T12:07:00+00:00","dateModified":"2026-04-28T10:46:14+00:00","breadcrumb":{"@id":"https:\/\/asociacionmarketing.com\/actividades\/team-building\/#breadcrumb"},"inLanguage":"eu","potentialAction":[{"@type":"ReadAction","target":["https:\/\/asociacionmarketing.com\/actividades\/team-building\/"]}]},{"@type":"ImageObject","inLanguage":"eu","@id":"https:\/\/asociacionmarketing.com\/actividades\/team-building\/#primaryimage","url":"https:\/\/asociacionmarketing.com\/wp-content\/uploads\/2026\/03\/logo-hero.svg","contentUrl":"https:\/\/asociacionmarketing.com\/wp-content\/uploads\/2026\/03\/logo-hero.svg"},{"@type":"BreadcrumbList","@id":"https:\/\/asociacionmarketing.com\/actividades\/team-building\/#breadcrumb","itemListElement":[{"@type":"ListItem","position":1,"name":"Portada","item":"https:\/\/asociacionmarketing.com\/"},{"@type":"ListItem","position":2,"name":"Actividades","item":"https:\/\/asociacionmarketing.com\/actividades\/"},{"@type":"ListItem","position":3,"name":"Team Building"}]},{"@type":"WebSite","@id":"https:\/\/asociacionmarketing.com\/#website","url":"https:\/\/asociacionmarketing.com\/","name":"Alumni","description":"","potentialAction":[{"@type":"SearchAction","target":{"@type":"EntryPoint","urlTemplate":"https:\/\/asociacionmarketing.com\/?s={search_term_string}"},"query-input":{"@type":"PropertyValueSpecification","valueRequired":true,"valueName":"search_term_string"}}],"inLanguage":"eu"}]}},"_links":{"self":[{"href":"https:\/\/asociacionmarketing.com\/eu\/wp-json\/wp\/v2\/pages\/7435","targetHints":{"allow":["GET"]}}],"collection":[{"href":"https:\/\/asociacionmarketing.com\/eu\/wp-json\/wp\/v2\/pages"}],"about":[{"href":"https:\/\/asociacionmarketing.com\/eu\/wp-json\/wp\/v2\/types\/page"}],"author":[{"embeddable":true,"href":"https:\/\/asociacionmarketing.com\/eu\/wp-json\/wp\/v2\/users\/4"}],"replies":[{"embeddable":true,"href":"https:\/\/asociacionmarketing.com\/eu\/wp-json\/wp\/v2\/comments?post=7435"}],"version-history":[{"count":7,"href":"https:\/\/asociacionmarketing.com\/eu\/wp-json\/wp\/v2\/pages\/7435\/revisions"}],"predecessor-version":[{"id":7544,"href":"https:\/\/asociacionmarketing.com\/eu\/wp-json\/wp\/v2\/pages\/7435\/revisions\/7544"}],"up":[{"embeddable":true,"href":"https:\/\/asociacionmarketing.com\/eu\/wp-json\/wp\/v2\/pages\/82"}],"wp:attachment":[{"href":"https:\/\/asociacionmarketing.com\/eu\/wp-json\/wp\/v2\/media?parent=7435"}],"curies":[{"name":"wp","href":"https:\/\/api.w.org\/{rel}","templated":true}]}}