{"id":7929,"date":"2026-05-13T15:48:11","date_gmt":"2026-05-13T15:48:11","guid":{"rendered":"https:\/\/asociacionmarketing.com\/?page_id=7929"},"modified":"2026-05-13T15:48:12","modified_gmt":"2026-05-13T15:48:12","slug":"politica-de-cookies","status":"publish","type":"page","link":"https:\/\/asociacionmarketing.com\/eu\/politica-de-cookies\/","title":{"rendered":"Pol\u00edtica de cookies"},"content":{"rendered":"<p><strong>POL\u00cdTICA DE COOKIES<\/strong> <em>\u00daltima actualizaci\u00f3n: mayo de 2025<\/em><\/p>\n\n\n\n<p>En la <strong>Asociaci\u00f3n de Marketing Alumni<\/strong> utilizamos cookies en nuestra web. Esta pol\u00edtica explica qu\u00e9 son, para qu\u00e9 las usamos y c\u00f3mo puedes gestionarlas.<\/p>\n\n\n\n<hr class=\"wp-block-separator has-alpha-channel-opacity\"\/>\n\n\n\n<p><strong>\u00bfQu\u00e9 son las cookies?<\/strong><\/p>\n\n\n\n<p>Las cookies son peque\u00f1os archivos de texto que se almacenan en tu dispositivo cuando visitas una p\u00e1gina web. Permiten que el sitio recuerde informaci\u00f3n sobre tu visita para mejorar la experiencia de navegaci\u00f3n.<\/p>\n\n\n\n<hr class=\"wp-block-separator has-alpha-channel-opacity\"\/>\n\n\n\n<p><strong>\u00bfQu\u00e9 cookies utilizamos?<\/strong><\/p>\n\n\n\n<p>En nuestra web \u00fanicamente utilizamos <strong>cookies anal\u00edticas<\/strong>. No usamos cookies publicitarias, de personalizaci\u00f3n ni de redes sociales.<\/p>\n\n\n\n<p>Las cookies anal\u00edticas nos permiten conocer de forma agregada y an\u00f3nima c\u00f3mo los usuarios interact\u00faan con nuestra web: qu\u00e9 p\u00e1ginas se visitan con m\u00e1s frecuencia, cu\u00e1nto tiempo se permanece en ellas o desde qu\u00e9 dispositivos se accede. Esta informaci\u00f3n nos ayuda a mejorar el funcionamiento y los contenidos del sitio.<\/p>\n\n\n\n<hr class=\"wp-block-separator has-alpha-channel-opacity\"\/>\n\n\n\n<p><strong>Base jur\u00eddica<\/strong><\/p>\n\n\n\n<p>El uso de cookies anal\u00edticas requiere tu <strong>consentimiento previo<\/strong>, que te solicitamos mediante el banner de cookies al acceder por primera vez a nuestra web. Puedes retirar tu consentimiento en cualquier momento.<\/p>\n\n\n\n<hr class=\"wp-block-separator has-alpha-channel-opacity\"\/>\n\n\n\n<p><strong>\u00bfC\u00f3mo gestionar o desactivar las cookies?<\/strong><\/p>\n\n\n\n<p>Tienes varias opciones para controlar las cookies:<\/p>\n\n\n\n<ul class=\"wp-block-list\">\n<li><strong>Desde el banner de cookies:<\/strong> al acceder a nuestra web puedes aceptar o rechazar las cookies anal\u00edticas.<\/li>\n\n\n\n<li><strong>Desde tu navegador:<\/strong> puedes configurar tu navegador para bloquear o eliminar las cookies. Aqu\u00ed tienes los enlaces de ayuda de los principales navegadores:\n<ul class=\"wp-block-list\">\n<li><a href=\"https:\/\/support.google.com\/chrome\/answer\/95647\">Chrome<\/a><\/li>\n\n\n\n<li><a href=\"https:\/\/support.mozilla.org\/es\/kb\/habilitar-y-deshabilitar-cookies-sitios-web-rastrear-preferencias\">Firefox<\/a><\/li>\n\n\n\n<li><a href=\"https:\/\/support.apple.com\/es-es\/guide\/safari\/sfri11471\/mac\">Safari<\/a><\/li>\n\n\n\n<li><a href=\"https:\/\/support.microsoft.com\/es-es\/microsoft-edge\/eliminar-las-cookies-en-microsoft-edge-63947406-40ac-c3b8-57b9-2a946a29ae09\">Edge<\/a><\/li>\n<\/ul>\n<\/li>\n\n\n\n<li><strong>Desde Google Analytics:<\/strong> puedes instalar el <a href=\"https:\/\/tools.google.com\/dlpage\/gaoptout\">complemento de inhabilitaci\u00f3n de Google Analytics<\/a> para tu navegador.<\/li>\n<\/ul>\n\n\n\n<p>Ten en cuenta que deshabilitar las cookies anal\u00edticas no afecta a la funcionalidad de la web.<\/p>\n\n\n\n<hr class=\"wp-block-separator has-alpha-channel-opacity\"\/>\n\n\n\n<p><strong>Transferencias internacionales<\/strong><\/p>\n\n\n\n<p>Google Analytics puede implicar la transferencia de datos a servidores ubicados fuera del Espacio Econ\u00f3mico Europeo. Google, LLC ofrece garant\u00edas adecuadas de protecci\u00f3n de datos en el marco del acuerdo EU-U.S. Data Privacy Framework.<\/p>\n\n\n\n<hr class=\"wp-block-separator has-alpha-channel-opacity\"\/>\n\n\n\n<p><strong>Actualizaciones de esta pol\u00edtica<\/strong><\/p>\n\n\n\n<p>Podemos actualizar esta pol\u00edtica cuando sea necesario, por ejemplo si incorporamos nuevas herramientas o cambia la normativa aplicable. Te recomendamos revisarla peri\u00f3dicamente.<\/p>\n\n\n\n<hr class=\"wp-block-separator has-alpha-channel-opacity\"\/>\n\n\n\n<p><strong>Informazio gehiago<\/strong><\/p>\n\n\n\n<p>Para cualquier consulta sobre el uso de cookies en nuestra web, puedes contactar con nosotros a trav\u00e9s de los canales habituales de la asociaci\u00f3n. Tambi\u00e9n puedes consultar la gu\u00eda sobre cookies de la <strong>Agencia Espa\u00f1ola de Protecci\u00f3n de Datos (AEPD)<\/strong> en <a href=\"https:\/\/www.aepd.es\">aepd.es<\/a>.<\/p>\n\n\n\n<hr class=\"wp-block-separator has-alpha-channel-opacity\"\/>\n\n\n\n<p><em>\u00a9 2025 Asociaci\u00f3n de Marketing Alumni. Todos los derechos reservados. De conformidad con el RGPD (UE) 2016\/679, la LOPDGDD y la LSSI-CE.<\/em><\/p>\n\n\n\n<p><\/p>","protected":false},"excerpt":{"rendered":"<p>POL\u00cdTICA DE COOKIES \u00daltima actualizaci\u00f3n: mayo de 2025 En la Asociaci\u00f3n de Marketing Alumni utilizamos cookies en nuestra web. Esta pol\u00edtica explica qu\u00e9 son, para qu\u00e9 las usamos y c\u00f3mo puedes gestionarlas. \u00bfQu\u00e9 son las cookies? Las cookies son peque\u00f1os archivos de texto que se almacenan en tu dispositivo cuando visitas una p\u00e1gina web. Permiten [&hellip;]<\/p>\n","protected":false},"author":1,"featured_media":0,"parent":0,"menu_order":0,"comment_status":"closed","ping_status":"closed","template":"","meta":{"footnotes":""},"class_list":["post-7929","page","type-page","status-publish","hentry"],"yoast_head":"<!-- This site is optimized with the Yoast SEO plugin v27.5 - https:\/\/yoast.com\/product\/yoast-seo-wordpress\/ -->\n<title>Pol\u00edtica de cookies - Alumni<\/title>\n<meta name=\"robots\" content=\"noindex, follow, max-snippet:-1, max-image-preview:large, max-video-preview:-1\" \/>\n<meta property=\"og:locale\" content=\"en_US\" \/>\n<meta property=\"og:type\" content=\"article\" \/>\n<meta property=\"og:title\" content=\"Pol\u00edtica de cookies - Alumni\" \/>\n<meta property=\"og:description\" content=\"POL\u00cdTICA DE COOKIES \u00daltima actualizaci\u00f3n: mayo de 2025 En la Asociaci\u00f3n de Marketing Alumni utilizamos cookies en nuestra web. Esta pol\u00edtica explica qu\u00e9 son, para qu\u00e9 las usamos y c\u00f3mo puedes gestionarlas. \u00bfQu\u00e9 son las cookies? Las cookies son peque\u00f1os archivos de texto que se almacenan en tu dispositivo cuando visitas una p\u00e1gina web. Permiten [&hellip;]\" \/>\n<meta property=\"og:url\" content=\"https:\/\/asociacionmarketing.com\/eu\/politica-de-cookies\/\" \/>\n<meta property=\"og:site_name\" content=\"Alumni\" \/>\n<meta property=\"article:modified_time\" content=\"2026-05-13T15:48:12+00:00\" \/>\n<meta name=\"twitter:card\" content=\"summary_large_image\" \/>\n<meta name=\"twitter:label1\" content=\"Est. reading time\" \/>\n\t<meta name=\"twitter:data1\" content=\"2 minutua\" \/>\n<script type=\"application\/ld+json\" class=\"yoast-schema-graph\">{\"@context\":\"https:\\\/\\\/schema.org\",\"@graph\":[{\"@type\":\"WebPage\",\"@id\":\"https:\\\/\\\/asociacionmarketing.com\\\/politica-de-cookies\\\/\",\"url\":\"https:\\\/\\\/asociacionmarketing.com\\\/politica-de-cookies\\\/\",\"name\":\"Pol\u00edtica de cookies - Alumni\",\"isPartOf\":{\"@id\":\"https:\\\/\\\/asociacionmarketing.com\\\/#website\"},\"datePublished\":\"2026-05-13T15:48:11+00:00\",\"dateModified\":\"2026-05-13T15:48:12+00:00\",\"breadcrumb\":{\"@id\":\"https:\\\/\\\/asociacionmarketing.com\\\/politica-de-cookies\\\/#breadcrumb\"},\"inLanguage\":\"eu\",\"potentialAction\":[{\"@type\":\"ReadAction\",\"target\":[\"https:\\\/\\\/asociacionmarketing.com\\\/politica-de-cookies\\\/\"]}]},{\"@type\":\"BreadcrumbList\",\"@id\":\"https:\\\/\\\/asociacionmarketing.com\\\/politica-de-cookies\\\/#breadcrumb\",\"itemListElement\":[{\"@type\":\"ListItem\",\"position\":1,\"name\":\"Portada\",\"item\":\"https:\\\/\\\/asociacionmarketing.com\\\/\"},{\"@type\":\"ListItem\",\"position\":2,\"name\":\"Pol\u00edtica de cookies\"}]},{\"@type\":\"WebSite\",\"@id\":\"https:\\\/\\\/asociacionmarketing.com\\\/#website\",\"url\":\"https:\\\/\\\/asociacionmarketing.com\\\/\",\"name\":\"Alumni\",\"description\":\"\",\"potentialAction\":[{\"@type\":\"SearchAction\",\"target\":{\"@type\":\"EntryPoint\",\"urlTemplate\":\"https:\\\/\\\/asociacionmarketing.com\\\/?s={search_term_string}\"},\"query-input\":{\"@type\":\"PropertyValueSpecification\",\"valueRequired\":true,\"valueName\":\"search_term_string\"}}],\"inLanguage\":\"eu\"}]}<\/script>\n<!-- \/ Yoast SEO plugin. -->","yoast_head_json":{"title":"Pol\u00edtica de cookies - Alumni","robots":{"index":"noindex","follow":"follow","max-snippet":"max-snippet:-1","max-image-preview":"max-image-preview:large","max-video-preview":"max-video-preview:-1"},"og_locale":"en_US","og_type":"article","og_title":"Pol\u00edtica de cookies - Alumni","og_description":"POL\u00cdTICA DE COOKIES \u00daltima actualizaci\u00f3n: mayo de 2025 En la Asociaci\u00f3n de Marketing Alumni utilizamos cookies en nuestra web. Esta pol\u00edtica explica qu\u00e9 son, para qu\u00e9 las usamos y c\u00f3mo puedes gestionarlas. \u00bfQu\u00e9 son las cookies? Las cookies son peque\u00f1os archivos de texto que se almacenan en tu dispositivo cuando visitas una p\u00e1gina web. Permiten [&hellip;]","og_url":"https:\/\/asociacionmarketing.com\/eu\/politica-de-cookies\/","og_site_name":"Alumni","article_modified_time":"2026-05-13T15:48:12+00:00","twitter_card":"summary_large_image","twitter_misc":{"Est. reading time":"2 minutua"},"schema":{"@context":"https:\/\/schema.org","@graph":[{"@type":"WebPage","@id":"https:\/\/asociacionmarketing.com\/politica-de-cookies\/","url":"https:\/\/asociacionmarketing.com\/politica-de-cookies\/","name":"Pol\u00edtica de cookies - Alumni","isPartOf":{"@id":"https:\/\/asociacionmarketing.com\/#website"},"datePublished":"2026-05-13T15:48:11+00:00","dateModified":"2026-05-13T15:48:12+00:00","breadcrumb":{"@id":"https:\/\/asociacionmarketing.com\/politica-de-cookies\/#breadcrumb"},"inLanguage":"eu","potentialAction":[{"@type":"ReadAction","target":["https:\/\/asociacionmarketing.com\/politica-de-cookies\/"]}]},{"@type":"BreadcrumbList","@id":"https:\/\/asociacionmarketing.com\/politica-de-cookies\/#breadcrumb","itemListElement":[{"@type":"ListItem","position":1,"name":"Portada","item":"https:\/\/asociacionmarketing.com\/"},{"@type":"ListItem","position":2,"name":"Pol\u00edtica de cookies"}]},{"@type":"WebSite","@id":"https:\/\/asociacionmarketing.com\/#website","url":"https:\/\/asociacionmarketing.com\/","name":"Alumni","description":"","potentialAction":[{"@type":"SearchAction","target":{"@type":"EntryPoint","urlTemplate":"https:\/\/asociacionmarketing.com\/?s={search_term_string}"},"query-input":{"@type":"PropertyValueSpecification","valueRequired":true,"valueName":"search_term_string"}}],"inLanguage":"eu"}]}},"_links":{"self":[{"href":"https:\/\/asociacionmarketing.com\/eu\/wp-json\/wp\/v2\/pages\/7929","targetHints":{"allow":["GET"]}}],"collection":[{"href":"https:\/\/asociacionmarketing.com\/eu\/wp-json\/wp\/v2\/pages"}],"about":[{"href":"https:\/\/asociacionmarketing.com\/eu\/wp-json\/wp\/v2\/types\/page"}],"author":[{"embeddable":true,"href":"https:\/\/asociacionmarketing.com\/eu\/wp-json\/wp\/v2\/users\/1"}],"replies":[{"embeddable":true,"href":"https:\/\/asociacionmarketing.com\/eu\/wp-json\/wp\/v2\/comments?post=7929"}],"version-history":[{"count":1,"href":"https:\/\/asociacionmarketing.com\/eu\/wp-json\/wp\/v2\/pages\/7929\/revisions"}],"predecessor-version":[{"id":7930,"href":"https:\/\/asociacionmarketing.com\/eu\/wp-json\/wp\/v2\/pages\/7929\/revisions\/7930"}],"wp:attachment":[{"href":"https:\/\/asociacionmarketing.com\/eu\/wp-json\/wp\/v2\/media?parent=7929"}],"curies":[{"name":"wp","href":"https:\/\/api.w.org\/{rel}","templated":true}]}}