{"id":90,"date":"2026-03-04T21:04:50","date_gmt":"2026-03-04T21:04:50","guid":{"rendered":"https:\/\/asociacionmarketing.com\/?page_id=90"},"modified":"2026-05-07T08:44:14","modified_gmt":"2026-05-07T08:44:14","slug":"premios-marketing","status":"publish","type":"page","link":"https:\/\/asociacionmarketing.com\/eu\/premios-marketing\/","title":{"rendered":"Marketin Sariak (PesMes)"},"content":{"rendered":"\t\t<div data-elementor-type=\"wp-page\" data-elementor-id=\"90\" class=\"elementor elementor-90\" data-elementor-post-type=\"page\">\n\t\t\t\t<div class=\"elementor-element elementor-element-3c96382 e-con-full e-flex e-con e-parent\" data-id=\"3c96382\" data-element_type=\"container\" data-e-type=\"container\" data-settings=\"{&quot;background_background&quot;:&quot;classic&quot;}\">\n\t\t<div class=\"elementor-element elementor-element-d2f5f99 e-con-full e-flex e-con e-child\" data-id=\"d2f5f99\" data-element_type=\"container\" data-e-type=\"container\">\n\t\t\t\t<div class=\"elementor-element elementor-element-3284e43 elementor-widget elementor-widget-heading\" data-id=\"3284e43\" data-element_type=\"widget\" data-e-type=\"widget\" data-widget_type=\"heading.default\">\n\t\t\t\t<div class=\"elementor-widget-container\">\n\t\t\t\t\t<h1 class=\"elementor-heading-title elementor-size-default\">Premios Marketing (PesMes)<\/h1>\t\t\t\t<\/div>\n\t\t\t\t<\/div>\n\t\t\t\t<div class=\"elementor-element elementor-element-264b925 elementor-hidden-tablet elementor-hidden-mobile elementor-widget elementor-widget-spacer\" data-id=\"264b925\" data-element_type=\"widget\" data-e-type=\"widget\" data-widget_type=\"spacer.default\">\n\t\t\t\t<div class=\"elementor-widget-container\">\n\t\t\t\t\t\t\t<div class=\"elementor-spacer\">\n\t\t\t<div class=\"elementor-spacer-inner\"><\/div>\n\t\t<\/div>\n\t\t\t\t\t\t<\/div>\n\t\t\t\t<\/div>\n\t\t<div class=\"elementor-element elementor-element-e72fccc e-con-full e-flex e-con e-child\" data-id=\"e72fccc\" data-element_type=\"container\" data-e-type=\"container\">\n\t\t\t\t<div class=\"elementor-element elementor-element-64bf546 elementor-widget elementor-widget-heading\" data-id=\"64bf546\" data-element_type=\"widget\" data-e-type=\"widget\" data-widget_type=\"heading.default\">\n\t\t\t\t<div class=\"elementor-widget-container\">\n\t\t\t\t\t<h2 class=\"elementor-heading-title elementor-size-default\">Reconocimiento al talento<\/h2>\t\t\t\t<\/div>\n\t\t\t\t<\/div>\n\t\t\t\t<div class=\"elementor-element elementor-element-927b9d1 elementor-widget elementor-widget-text-editor\" data-id=\"927b9d1\" data-element_type=\"widget\" data-e-type=\"widget\" data-widget_type=\"text-editor.default\">\n\t\t\t\t<div class=\"elementor-widget-container\">\n\t\t\t\t\t\t\t\t\t<p>Los Premios de Marketing de Euskadi (Premios PesMes) son el m\u00e1ximo galard\u00f3n de nuestra disciplina en el territorio, premiando la innovaci\u00f3n, la sostenibilidad y la excelencia.<\/p>\t\t\t\t\t\t\t\t<\/div>\n\t\t\t\t<\/div>\n\t\t\t\t<\/div>\n\t\t<div class=\"elementor-element elementor-element-41be0be e-con-full e-flex e-con e-child\" data-id=\"41be0be\" data-element_type=\"container\" data-e-type=\"container\">\n\t\t\t\t<div class=\"elementor-element elementor-element-253a504 elementor-widget elementor-widget-heading\" data-id=\"253a504\" data-element_type=\"widget\" data-e-type=\"widget\" data-widget_type=\"heading.default\">\n\t\t\t\t<div class=\"elementor-widget-container\">\n\t\t\t\t\t<h2 class=\"elementor-heading-title elementor-size-default\">Premios en marketing, PesMes 2026<\/h2>\t\t\t\t<\/div>\n\t\t\t\t<\/div>\n\t\t\t\t<div class=\"elementor-element elementor-element-ddca39f elementor-widget elementor-widget-text-editor\" data-id=\"ddca39f\" data-element_type=\"widget\" data-e-type=\"widget\" data-widget_type=\"text-editor.default\">\n\t\t\t\t<div class=\"elementor-widget-container\">\n\t\t\t\t\t\t\t\t\t<p>Desde 2014 premiando el talento y reconociendo a los mejores profesionales<\/p><p>Reserva la fecha, viernes 13 de noviembre<\/p>\t\t\t\t\t\t\t\t<\/div>\n\t\t\t\t<\/div>\n\t\t\t\t<div class=\"elementor-element elementor-element-15c226b elementor-widget elementor-widget-text-editor\" data-id=\"15c226b\" data-element_type=\"widget\" data-e-type=\"widget\" data-widget_type=\"text-editor.default\">\n\t\t\t\t<div class=\"elementor-widget-container\">\n\t\t\t\t\t\t\t\t\t<p>Consulta las bases y categor\u00edas del certamen y presenta online tu candidatura<\/p>\t\t\t\t\t\t\t\t<\/div>\n\t\t\t\t<\/div>\n\t\t\t\t<div class=\"elementor-element elementor-element-7e42459 elementor-align-center elementor-widget elementor-widget-button\" data-id=\"7e42459\" data-element_type=\"widget\" data-e-type=\"widget\" data-widget_type=\"button.default\">\n\t\t\t\t<div class=\"elementor-widget-container\">\n\t\t\t\t\t\t\t\t\t<div class=\"elementor-button-wrapper\">\n\t\t\t\t\t<a class=\"elementor-button elementor-button-link elementor-size-sm\" href=\"https:\/\/asociacionmarketing.com\/socios\/#form\">\n\t\t\t\t\t\t<span class=\"elementor-button-content-wrapper\">\n\t\t\t\t\t\t<span class=\"elementor-button-icon\">\n\t\t\t\t<svg xmlns=\"http:\/\/www.w3.org\/2000\/svg\" id=\"uuid-e9a98486-8915-4ad4-bf39-34e02de226ef\" width=\"8\" height=\"18\" viewBox=\"0 0 8 18\"><path d=\"M2.077.255c-.149,1.171-.019,2.973.821,4.515.807,1.481,2.304,2.798,5.102,3.068l-.048,2.015c-1.128.055-4.629,1.488-5.885,8.147l-1.989-.374c.858-4.547,2.765-7.188,4.644-8.558-1.701-.762-2.861-1.971-3.602-3.332C.03,3.734-.119,1.482.069,0l2.008.255Z\"><\/path><\/svg>\t\t\t<\/span>\n\t\t\t\t\t\t\t\t\t<span class=\"elementor-button-text\">M\u00e1s informaci\u00f3n<\/span>\n\t\t\t\t\t<\/span>\n\t\t\t\t\t<\/a>\n\t\t\t\t<\/div>\n\t\t\t\t\t\t\t\t<\/div>\n\t\t\t\t<\/div>\n\t\t\t\t<div class=\"elementor-element elementor-element-6fc599f elementor-widget elementor-widget-text-editor\" data-id=\"6fc599f\" data-element_type=\"widget\" data-e-type=\"widget\" data-widget_type=\"text-editor.default\">\n\t\t\t\t<div class=\"elementor-widget-container\">\n\t\t\t\t\t\t\t\t\t<p>Abierto a empresas, agencias y profesionales que hayan desarrollado estrategias de marketing y ventas\u00a0en Euskadi<\/p>\t\t\t\t\t\t\t\t<\/div>\n\t\t\t\t<\/div>\n\t\t\t\t<\/div>\n\t\t<div class=\"elementor-element elementor-element-8576f98 e-con-full e-flex e-con e-child\" data-id=\"8576f98\" data-element_type=\"container\" data-e-type=\"container\">\n\t\t\t\t<div class=\"elementor-element elementor-element-e005aee elementor-widget elementor-widget-heading\" data-id=\"e005aee\" data-element_type=\"widget\" data-e-type=\"widget\" data-widget_type=\"heading.default\">\n\t\t\t\t<div class=\"elementor-widget-container\">\n\t\t\t\t\t<h2 class=\"elementor-heading-title elementor-size-default\">\u00bfQuieres que te avisemos cuando haya una nueva edici\u00f3n de los Premios AMA?<\/h2>\t\t\t\t<\/div>\n\t\t\t\t<\/div>\n\t\t\t\t<div class=\"elementor-element elementor-element-3d6b0a2 elementor-widget elementor-widget-text-editor\" data-id=\"3d6b0a2\" data-element_type=\"widget\" data-e-type=\"widget\" data-widget_type=\"text-editor.default\">\n\t\t\t\t<div class=\"elementor-widget-container\">\n\t\t\t\t\t\t\t\t\t<p>\u00a1Ap\u00fantate a nuestra newsletter y no te quedes sin presentar tu trabajo!\u00a1Suscr\u00edbete!<\/p>\t\t\t\t\t\t\t\t<\/div>\n\t\t\t\t<\/div>\n\t\t\t\t<div class=\"elementor-element elementor-element-6ef4dd1 elementor-button-align-stretch elementor-widget elementor-widget-form\" data-id=\"6ef4dd1\" data-element_type=\"widget\" data-e-type=\"widget\" data-settings=\"{&quot;button_width&quot;:&quot;30&quot;,&quot;step_next_label&quot;:&quot;Next&quot;,&quot;step_previous_label&quot;:&quot;Previous&quot;,&quot;step_type&quot;:&quot;number_text&quot;,&quot;step_icon_shape&quot;:&quot;circle&quot;}\" data-widget_type=\"form.default\">\n\t\t\t\t<div class=\"elementor-widget-container\">\n\t\t\t\t\t\t\t<form class=\"elementor-form\" method=\"post\" name=\"Newsletter\" aria-label=\"Newsletter\">\n\t\t\t<input type=\"hidden\" name=\"post_id\" value=\"90\"\/>\n\t\t\t<input type=\"hidden\" name=\"form_id\" value=\"6ef4dd1\"\/>\n\t\t\t<input type=\"hidden\" name=\"referer_title\" value=\"Premios Marketing (PesMes) - Alumni\" \/>\n\n\t\t\t\t\t\t\t<input type=\"hidden\" name=\"queried_id\" value=\"90\"\/>\n\t\t\t\n\t\t\t<div class=\"elementor-form-fields-wrapper elementor-labels-\">\n\t\t\t\t\t\t\t\t<div class=\"elementor-field-type-email elementor-field-group elementor-column elementor-field-group-email elementor-col-70 elementor-field-required\">\n\t\t\t\t\t\t\t\t\t\t\t\t<label for=\"form-field-email\" class=\"elementor-field-label elementor-screen-only\">\n\t\t\t\t\t\t\t\tEmail\t\t\t\t\t\t\t<\/label>\n\t\t\t\t\t\t\t\t\t\t\t\t\t\t<input size=\"1\" type=\"email\" name=\"form_fields[email]\" id=\"form-field-email\" class=\"elementor-field elementor-size-md  elementor-field-textual\" placeholder=\"Email\" required=\"required\">\n\t\t\t\t\t\t\t\t\t\t\t<\/div>\n\t\t\t\t\t\t\t\t<div class=\"elementor-field-type-acceptance elementor-field-group elementor-column elementor-field-group-field_baa8b12 elementor-col-100\">\n\t\t\t\t\t\t\t<div class=\"elementor-field-subgroup\">\n\t\t\t<span class=\"elementor-field-option\">\n\t\t\t\t<input type=\"checkbox\" name=\"form_fields[field_baa8b12]\" id=\"form-field-field_baa8b12\" class=\"elementor-field elementor-size-md  elementor-acceptance-field\">\n\t\t\t\t<label for=\"form-field-field_baa8b12\">Acepto los terminos<\/label>\t\t\t<\/span>\n\t\t<\/div>\n\t\t\t\t\t\t<\/div>\n\t\t\t\t\t\t\t\t<div class=\"elementor-field-group elementor-column elementor-field-type-submit elementor-col-30 e-form__buttons\">\n\t\t\t\t\t<button class=\"elementor-button elementor-size-sm\" type=\"submit\">\n\t\t\t\t\t\t<span class=\"elementor-button-content-wrapper\">\n\t\t\t\t\t\t\t\t\t\t\t\t\t\t\t\t\t\t\t\t\t\t<span class=\"elementor-button-text\">Suscribirme<\/span>\n\t\t\t\t\t\t\t\t\t\t\t\t\t<\/span>\n\t\t\t\t\t<\/button>\n\t\t\t\t<\/div>\n\t\t\t<\/div>\n\t\t<\/form>\n\t\t\t\t\t\t<\/div>\n\t\t\t\t<\/div>\n\t\t\t\t<\/div>\n\t\t<div class=\"elementor-element elementor-element-b458ec3 e-con-full e-flex e-con e-child\" data-id=\"b458ec3\" data-element_type=\"container\" data-e-type=\"container\">\n\t\t\t\t<div class=\"elementor-element elementor-element-76a1e6f elementor-widget elementor-widget-heading\" data-id=\"76a1e6f\" data-element_type=\"widget\" data-e-type=\"widget\" data-widget_type=\"heading.default\">\n\t\t\t\t<div class=\"elementor-widget-container\">\n\t\t\t\t\t<h2 class=\"elementor-heading-title elementor-size-default\">Ediciones pasadas:<\/h2>\t\t\t\t<\/div>\n\t\t\t\t<\/div>\n\t\t\t\t<div class=\"elementor-element elementor-element-9646723 elementor-widget elementor-widget-text-editor\" data-id=\"9646723\" data-element_type=\"widget\" data-e-type=\"widget\" data-widget_type=\"text-editor.default\">\n\t\t\t\t<div class=\"elementor-widget-container\">\n\t\t\t\t\t\t\t\t\t<p>Descubre los trabajos premiados y presentados en ediciones anteriores y conoce los casos de \u00e9xito que est\u00e1n transformando nuestro mercado.<\/p>\t\t\t\t\t\t\t\t<\/div>\n\t\t\t\t<\/div>\n\t\t\t\t<div class=\"elementor-element elementor-element-e6fd9e8 elementor-align-center elementor-widget elementor-widget-button\" data-id=\"e6fd9e8\" data-element_type=\"widget\" data-e-type=\"widget\" data-widget_type=\"button.default\">\n\t\t\t\t<div class=\"elementor-widget-container\">\n\t\t\t\t\t\t\t\t\t<div class=\"elementor-button-wrapper\">\n\t\t\t\t\t<a class=\"elementor-button elementor-button-link elementor-size-sm\" href=\"https:\/\/asociacionmarketing.com\/category\/ediciones-premios-marketing\/\">\n\t\t\t\t\t\t<span class=\"elementor-button-content-wrapper\">\n\t\t\t\t\t\t<span class=\"elementor-button-icon\">\n\t\t\t\t<svg xmlns=\"http:\/\/www.w3.org\/2000\/svg\" id=\"uuid-e9a98486-8915-4ad4-bf39-34e02de226ef\" width=\"8\" height=\"18\" viewBox=\"0 0 8 18\"><path d=\"M2.077.255c-.149,1.171-.019,2.973.821,4.515.807,1.481,2.304,2.798,5.102,3.068l-.048,2.015c-1.128.055-4.629,1.488-5.885,8.147l-1.989-.374c.858-4.547,2.765-7.188,4.644-8.558-1.701-.762-2.861-1.971-3.602-3.332C.03,3.734-.119,1.482.069,0l2.008.255Z\"><\/path><\/svg>\t\t\t<\/span>\n\t\t\t\t\t\t\t\t\t<span class=\"elementor-button-text\">M\u00e1s informaci\u00f3n<\/span>\n\t\t\t\t\t<\/span>\n\t\t\t\t\t<\/a>\n\t\t\t\t<\/div>\n\t\t\t\t\t\t\t\t<\/div>\n\t\t\t\t<\/div>\n\t\t\t\t<\/div>\n\t\t\t\t<\/div>\n\t\t<div class=\"elementor-element elementor-element-0303824 e-con-full e-flex e-con e-child\" data-id=\"0303824\" data-element_type=\"container\" data-e-type=\"container\" data-settings=\"{&quot;background_background&quot;:&quot;classic&quot;,&quot;sticky&quot;:&quot;top&quot;,&quot;sticky_on&quot;:[&quot;desktop&quot;],&quot;sticky_offset&quot;:120,&quot;sticky_parent&quot;:&quot;yes&quot;,&quot;sticky_effects_offset&quot;:0,&quot;sticky_anchor_link_offset&quot;:0}\">\n\t\t\t\t<\/div>\n\t\t\t\t<\/div>\n\t\t\t\t<\/div>\n\t\t","protected":false},"excerpt":{"rendered":"<p>Reconocimiento al talento Los Premios de Marketing de Euskadi (Premios PesMes) son el m\u00e1ximo galard\u00f3n de nuestra disciplina en el territorio, premiando la innovaci\u00f3n, la sostenibilidad y la excelencia. Premios en marketing, PesMes 2026 Desde 2014 premiando el talento y reconociendo a los mejores profesionales Reserva la fecha, viernes 13 de noviembre Consulta las bases [&hellip;]<\/p>\n","protected":false},"author":1,"featured_media":0,"parent":0,"menu_order":0,"comment_status":"closed","ping_status":"closed","template":"elementor_header_footer","meta":{"footnotes":""},"class_list":["post-90","page","type-page","status-publish","hentry"],"yoast_head":"<!-- This site is optimized with the Yoast SEO plugin v27.5 - https:\/\/yoast.com\/product\/yoast-seo-wordpress\/ -->\n<title>Premios Marketing (PesMes) - Alumni<\/title>\n<meta name=\"description\" content=\"Los PesMes reconocen las mejores acciones de marketing en Euskadi. Descubre los premios bienales de la AMA UPV\/EHU y presenta tu candidatura.\" \/>\n<meta name=\"robots\" content=\"noindex, follow, max-snippet:-1, max-image-preview:large, max-video-preview:-1\" \/>\n<meta property=\"og:locale\" content=\"en_US\" \/>\n<meta property=\"og:type\" content=\"article\" \/>\n<meta property=\"og:title\" content=\"Premios Marketing (PesMes) - Alumni\" \/>\n<meta property=\"og:description\" content=\"Los PesMes reconocen las mejores acciones de marketing en Euskadi. Descubre los premios bienales de la AMA UPV\/EHU y presenta tu candidatura.\" \/>\n<meta property=\"og:url\" content=\"https:\/\/asociacionmarketing.com\/eu\/premios-marketing\/\" \/>\n<meta property=\"og:site_name\" content=\"Alumni\" \/>\n<meta property=\"article:modified_time\" content=\"2026-05-07T08:44:14+00:00\" \/>\n<meta name=\"twitter:card\" content=\"summary_large_image\" \/>\n<meta name=\"twitter:label1\" content=\"Est. reading time\" \/>\n\t<meta name=\"twitter:data1\" content=\"1 minutua\" \/>\n<script type=\"application\/ld+json\" class=\"yoast-schema-graph\">{\"@context\":\"https:\\\/\\\/schema.org\",\"@graph\":[{\"@type\":\"WebPage\",\"@id\":\"https:\\\/\\\/asociacionmarketing.com\\\/premios-marketing\\\/\",\"url\":\"https:\\\/\\\/asociacionmarketing.com\\\/premios-marketing\\\/\",\"name\":\"Premios Marketing (PesMes) - Alumni\",\"isPartOf\":{\"@id\":\"https:\\\/\\\/asociacionmarketing.com\\\/#website\"},\"datePublished\":\"2026-03-04T21:04:50+00:00\",\"dateModified\":\"2026-05-07T08:44:14+00:00\",\"description\":\"Los PesMes reconocen las mejores acciones de marketing en Euskadi. Descubre los premios bienales de la AMA UPV\\\/EHU y presenta tu candidatura.\",\"breadcrumb\":{\"@id\":\"https:\\\/\\\/asociacionmarketing.com\\\/premios-marketing\\\/#breadcrumb\"},\"inLanguage\":\"eu\",\"potentialAction\":[{\"@type\":\"ReadAction\",\"target\":[\"https:\\\/\\\/asociacionmarketing.com\\\/premios-marketing\\\/\"]}]},{\"@type\":\"BreadcrumbList\",\"@id\":\"https:\\\/\\\/asociacionmarketing.com\\\/premios-marketing\\\/#breadcrumb\",\"itemListElement\":[{\"@type\":\"ListItem\",\"position\":1,\"name\":\"Portada\",\"item\":\"https:\\\/\\\/asociacionmarketing.com\\\/\"},{\"@type\":\"ListItem\",\"position\":2,\"name\":\"Premios Marketing (PesMes)\"}]},{\"@type\":\"WebSite\",\"@id\":\"https:\\\/\\\/asociacionmarketing.com\\\/#website\",\"url\":\"https:\\\/\\\/asociacionmarketing.com\\\/\",\"name\":\"Alumni\",\"description\":\"\",\"potentialAction\":[{\"@type\":\"SearchAction\",\"target\":{\"@type\":\"EntryPoint\",\"urlTemplate\":\"https:\\\/\\\/asociacionmarketing.com\\\/?s={search_term_string}\"},\"query-input\":{\"@type\":\"PropertyValueSpecification\",\"valueRequired\":true,\"valueName\":\"search_term_string\"}}],\"inLanguage\":\"eu\"}]}<\/script>\n<!-- \/ Yoast SEO plugin. -->","yoast_head_json":{"title":"Premios Marketing (PesMes) - Alumni","description":"Los PesMes reconocen las mejores acciones de marketing en Euskadi. Descubre los premios bienales de la AMA UPV\/EHU y presenta tu candidatura.","robots":{"index":"noindex","follow":"follow","max-snippet":"max-snippet:-1","max-image-preview":"max-image-preview:large","max-video-preview":"max-video-preview:-1"},"og_locale":"en_US","og_type":"article","og_title":"Premios Marketing (PesMes) - Alumni","og_description":"Los PesMes reconocen las mejores acciones de marketing en Euskadi. Descubre los premios bienales de la AMA UPV\/EHU y presenta tu candidatura.","og_url":"https:\/\/asociacionmarketing.com\/eu\/premios-marketing\/","og_site_name":"Alumni","article_modified_time":"2026-05-07T08:44:14+00:00","twitter_card":"summary_large_image","twitter_misc":{"Est. reading time":"1 minutua"},"schema":{"@context":"https:\/\/schema.org","@graph":[{"@type":"WebPage","@id":"https:\/\/asociacionmarketing.com\/premios-marketing\/","url":"https:\/\/asociacionmarketing.com\/premios-marketing\/","name":"Premios Marketing (PesMes) - Alumni","isPartOf":{"@id":"https:\/\/asociacionmarketing.com\/#website"},"datePublished":"2026-03-04T21:04:50+00:00","dateModified":"2026-05-07T08:44:14+00:00","description":"Los PesMes reconocen las mejores acciones de marketing en Euskadi. Descubre los premios bienales de la AMA UPV\/EHU y presenta tu candidatura.","breadcrumb":{"@id":"https:\/\/asociacionmarketing.com\/premios-marketing\/#breadcrumb"},"inLanguage":"eu","potentialAction":[{"@type":"ReadAction","target":["https:\/\/asociacionmarketing.com\/premios-marketing\/"]}]},{"@type":"BreadcrumbList","@id":"https:\/\/asociacionmarketing.com\/premios-marketing\/#breadcrumb","itemListElement":[{"@type":"ListItem","position":1,"name":"Portada","item":"https:\/\/asociacionmarketing.com\/"},{"@type":"ListItem","position":2,"name":"Premios Marketing (PesMes)"}]},{"@type":"WebSite","@id":"https:\/\/asociacionmarketing.com\/#website","url":"https:\/\/asociacionmarketing.com\/","name":"Alumni","description":"","potentialAction":[{"@type":"SearchAction","target":{"@type":"EntryPoint","urlTemplate":"https:\/\/asociacionmarketing.com\/?s={search_term_string}"},"query-input":{"@type":"PropertyValueSpecification","valueRequired":true,"valueName":"search_term_string"}}],"inLanguage":"eu"}]}},"_links":{"self":[{"href":"https:\/\/asociacionmarketing.com\/eu\/wp-json\/wp\/v2\/pages\/90","targetHints":{"allow":["GET"]}}],"collection":[{"href":"https:\/\/asociacionmarketing.com\/eu\/wp-json\/wp\/v2\/pages"}],"about":[{"href":"https:\/\/asociacionmarketing.com\/eu\/wp-json\/wp\/v2\/types\/page"}],"author":[{"embeddable":true,"href":"https:\/\/asociacionmarketing.com\/eu\/wp-json\/wp\/v2\/users\/1"}],"replies":[{"embeddable":true,"href":"https:\/\/asociacionmarketing.com\/eu\/wp-json\/wp\/v2\/comments?post=90"}],"version-history":[{"count":35,"href":"https:\/\/asociacionmarketing.com\/eu\/wp-json\/wp\/v2\/pages\/90\/revisions"}],"predecessor-version":[{"id":7816,"href":"https:\/\/asociacionmarketing.com\/eu\/wp-json\/wp\/v2\/pages\/90\/revisions\/7816"}],"wp:attachment":[{"href":"https:\/\/asociacionmarketing.com\/eu\/wp-json\/wp\/v2\/media?parent=90"}],"curies":[{"name":"wp","href":"https:\/\/api.w.org\/{rel}","templated":true}]}}